{"id":1325,"date":"2024-06-01T10:30:44","date_gmt":"2024-06-01T08:30:44","guid":{"rendered":"https:\/\/weber-watamu.com\/?page_id=1325"},"modified":"2024-06-25T19:53:43","modified_gmt":"2024-06-25T17:53:43","slug":"about-kenya","status":"publish","type":"page","link":"https:\/\/weber-watamu.com\/it\/about-kenya\/","title":{"rendered":"A proposito del Kenia"},"content":{"rendered":"<div data-elementor-type=\"wp-page\" data-elementor-id=\"1325\" class=\"elementor elementor-1325\" data-elementor-post-type=\"page\">\n\t\t\t\t<div class=\"elementor-element elementor-element-5045de6 e-flex e-con-boxed e-con e-parent\" data-id=\"5045de6\" data-element_type=\"container\">\n\t\t\t\t\t<div class=\"e-con-inner\">\n\t\t\t\t<div class=\"elementor-element elementor-element-ec9bfd0 elementor-widget elementor-widget-text-editor\" data-id=\"ec9bfd0\" data-element_type=\"widget\" data-widget_type=\"text-editor.default\">\n\t\t\t\t<div class=\"elementor-widget-container\">\n\t\t\t\t\t\t\t<p>Anche se il&nbsp;<a href=\"https:\/\/www.contiki.com\/en-us\/destinations\/africa-the-middle-east\/kenya\">Kenya<\/a>&nbsp;\u00e8 incredibile, non se ne parla abbastanza! Questo variegato paese&nbsp;<a href=\"https:\/\/www.contiki.com\/en-au\/tours\/east-africa-safari\">dell'Africa orientale<\/a>&nbsp;ospita tutti e cinque i Big 5, paesaggi spettacolari che cambiano man mano che ti muovi attraverso il paese e siti vivaci come la Great Rift Valley e le vaste pianure del Parco Nazionale dell'Amboseli.&nbsp;<\/p>\n<p>Coste, citt\u00e0 e parchi safari aspri e selvaggi compongono il Kenya, cos\u00ec come tanti altri fatti unici che potresti non conoscere!<\/p>\n<p>Sia che tu abbia aspettato tutta la vita per visitare il Masai Mara o che tu abbia semplicemente un'ossessione per l'assorbimento di curiosit\u00e0 casuali, ecco 12 fatti interessanti sul Kenya da aggiungere alla tua banca dei ricordi.<\/p>\n<p><\/p>\n<ul>\n<li>Nome: Repubblica del Kenya<\/li>\n<li>Vecchio nome: Kenya britannico<\/li>\n<li>Lingua: inglese e swahili<\/li>\n<li>Popolazione: circa 54 milioni di persone<\/li>\n<li>Capitale: Nairobi<\/li>\n<li>Valuta: scellino keniota<\/li>\n<li>Festa nazionale: Jamhuri Day \u2013 12 dicembre (Giorno dell'Indipendenza)<\/li>\n<li>Noto per: \u00e8 la migliore destinazione safari al mondo!<\/li>\n<\/ul>\n<div>&nbsp;<\/div>\n<div>&nbsp;<\/div>\n<div>\n<h5>1. Il Kenya ha 50 parchi e riserve nazionali<\/h5>\n<p>Probabilmente hai sentito parlare del Parco Nazionale Masai Mara e del Parco Nazionale Amboseli. Il parco nazionale appartiene. Entrambe sono destinazioni popolari per i safari e Amboseli offre viste imbattibili del Monte Kilimanjaro in Tanzania.<\/p>\n<p>Ma sapevate che in Kenya ci sono un totale di 50 parchi e riserve nazionali? Esatto, 23 parchi nazionali e 28 riserve nazionali sono gestiti e mantenuti dal Kenya Wildlife Service per garantire che la fauna selvatica nativa di questo paese sia protetta da cacciatori e bracconieri.<\/p>\n<p>Oltre ai 23 parchi nazionali e alle 28 riserve nazionali, il Kenya ospita anche \u201c4 aree protette, 4 parchi marini e 6 riserve marine\u201d. Si tratta di un sacco di fauna selvatica protetta \u2013 e che cosa meravigliosa!<\/p>\n<p><\/p>\n<h4>2. La Great Rift Valley si \u00e8 formata pi\u00f9 di 25 milioni di anni fa<\/h4>\n<p>Questo \u00e8 probabilmente uno dei fatti pi\u00f9 interessanti del Kenya. Attraversando il Kenya da nord a sud si trova la Great Rift Valley, conosciuta anche come Rift dell'Africa orientale.  \u00c8 stato creato pi\u00f9 di 25 milioni di anni fa dalle tensioni geologiche nella crosta terrestre ed \u00e8 lungo circa 6.500 chilometri e largo 60 chilometri. L'ampia valle ha permesso la formazione di numerosi laghi e ha creato habitat unici per la fauna selvatica del paese.<\/p><p><br><\/p>\n<h5>3. In Kenya si parlano oltre 43 lingue e dialetti.<\/h5>\n<p>Come puoi vedere sopra, in Kenya si parlano due lingue: inglese e swahili. \"La lingua ufficiale \u00e8 l'inglese\", informa Haron, \"mentre la lingua nazionale \u00e8 lo swahili, ampiamente parlato in tutto il Paese\".<\/p>\n<p>\"Molto spesso si sentono queste espressioni: 'Jambo', che significa ciao, o 'Habari', che significa anche ciao, ma \u00e8 usato principalmente per salutare amici o parenti.\" Se partecipi al viaggio<a href=\"https:\/\/www.contiki.com\/en-au\/tours\/kenyan-highlights\">&nbsp;Kenya Highlights<\/a>&nbsp;di Contiki, provali con la gente del posto !<\/p>\n<p>Oltre all\u2019inglese e allo swahili, in Kenya si parlano oltre 43 lingue e dialetti suddivisi in tre categorie. \"La prima categoria \u00e8 il bantu, parlato dal 65% della popolazione, il nilotico (detto anche paranilotico), parlato dal 31% della popolazione, e il cusita, parlato solo dal 4%\".<\/p><p><br><\/p>\n<h5>4. Il Kenya ospita alcuni dei migliori corridori di lunga distanza del mond&nbsp;<\/h5>\n<p>Deve avere qualcosa a che fare con l'acqua in Kenya! Il popolo Kalenjin in particolare ha prodotto molti atleti e corridori di lunga distanza che hanno battuto record mondiali e sono noti per aver dominato le gare di maratona in tutto il mondo.<\/p>\n<p>Quello che forse non sai \u00e8 che la Great Rift Valley \u00e8 in realt\u00e0 il parco giochi (e il campo di allenamento) per molti di questi corridori! \"Il Kenya \u00e8 la patria di alcuni dei migliori corridori di lunga distanza del mondo\", afferma Haron. \u201cVengono in questa regione per allenarsi perch\u00e9 l\u2019alta quota e il terreno accidentato forniscono un duro campo di allenamento che migliora notevolmente le loro capacit\u00e0\u201d.<\/p>\n<h5><br><\/h5><h5>5. Il Kenya ospita alcune bellissime specie nazionali!&nbsp;<\/h5>\n<p>Come forse saprai o meno, ogni paese ha un animale, un uccello e un fiore nazionale, e le scelte del Kenya sono assolutamente straordinarie.<\/p>\n<p>L'animale nazionale del Kenya \u00e8 il leone dell'Africa orientale, una specie considerata a rischio di estinzione<a href=\"https:\/\/www.iucn.org\/resources\/conservation-tools\/iucn-red-list-threatened-species\">&nbsp;Internazionale per la Conservazione della Natura.<\/a>Il leone africano \u00e8 uno dei \"Big 5\" ed \u00e8 uno dei pi\u00f9 grandi animali selvatici dell'Africa insieme ad altri magnifici animali africani come il leopardo africano, l'elefante africano, il bufalo del Capo e il rinoceronte.  Forse avrai la fortuna di vederli di sfuggita durante un&nbsp;<a href=\"https:\/\/www.contiki.com\/en-us\/travel-styles\/african-safari-trips\">safari con Contiki!<\/a>!<\/p>\n<p>L'uccello nazionale del Kenya \u00e8 la ghiandaia marina, che \u00e8 forse una specie meno conosciuta del leone reale, ma merita un posto tutto suo. Con un motivo di vibranti viola e blu, questo uccello vanta un'apertura alare abbagliante e affascinante. Se sei abbastanza fortunato da vederne uno in natura, non lo dimenticherai mai.<\/p>\n<p>Infine, il fiore nazionale del Kenya \u00e8 la popolare e reale orchidea. Nessun viaggio in&nbsp;<a href=\"https:\/\/www.contiki.com\/en-us\/destinations\/africa-the-middle-east\/kenya\">viaggio in Kenya.<\/a>&nbsp;senza provare di persona l'ampia variet\u00e0 di orchidee.<\/p>\n<h5><br><\/h5><h5>6. La prima donna nera a vincere un premio Nobel per la pace viene dal Kenya<\/h5>\n<p>Ricorda il nome: Wangari Muta Maathai. Questa donna ispiratrice era un'attivista ambientale, sociale e politica keniota che vinse il Premio Nobel per la pace nel 2004 per il suo contributo allo sviluppo sostenibile, alla democrazia e alla pace. \u201c\u00c8 stata la fondatrice del Green Belt Movement, che ha consentito la piantumazione di oltre 51 milioni di alberi in Kenya\u201d.<\/p>\n<p>In totale, 18 donne hanno vinto il Premio Nobel per la pace e Wangari Muta Maathai \u00e8 una delle sole quattro donne nere ad aver mai vinto un Premio Nobel.<\/p>\n<h5><br><\/h5><h5>7. Il Lago Turkana \u00e8 il pi\u00f9 grande lago desertico del mondo<\/h5>\n<p>Il Lago Turkana \u00e8 conosciuto in tutto il mondo come il pi\u00f9 grande lago desertico del mondo e anche il pi\u00f9 grande lago del Kenya. Si trova nel nord della Great Rift Valley ed \u00e8 un sito patrimonio dell'umanit\u00e0 dell'UNESCO come parte dei tre parchi nazionali del Lago Turkana: Parco nazionale Sibiloi, Parco nazionale dell'Isola Centrale e Parco nazionale dell'Isola del Sud.<\/p>\n<p>Potresti pensare: \"Wow, ci sono tanti parchi nazionali per un solo lago\", e s\u00ec, \u00e8 vero, ma il Lago Turkana \u00e8 di oltre 6.000 chilometri quadrati, quindi \u00e8 un lago piuttosto grande! Pi\u00f9 punti di vista sono, meglio \u00e8.<\/p>\n<div>&nbsp;<\/div>\n<div>\n<h5>8. Il Kenya \u00e8 leader mondiale nelle esportazioni di fiori recisi<\/h5>\n<p>Sei stato colto in flagrante la notte di San Valentino mentre cercavi di prendere l'ultimo mazzo di fiori che potevi conservare perch\u00e9 te ne sei dimenticato? Non in Kenia! Il paese \u00e8 uno dei primi cinque esportatori di fiori recisi, principalmente rose e garofani; bellissimi fiori luminosi e intricati. In effetti, queste esportazioni sono cos\u00ec grandi che nel 2022 il Kenya ha generato 1,1 miliardi di dollari solo da questo settore.<\/p>\n<h5><br><\/h5><h5>9. Il Kenya \u00e8 la principale destinazione safari al mondo<\/h5>\n<p>Il Kenya ospita la Riserva Nazionale del Masai Mara e confina direttamente con il Parco del Serengeti in Tanzania. Non c'\u00e8 quindi da meravigliarsi che il paese sia una delle destinazioni safari pi\u00f9 popolari al mondo. In effetti, questo titolo \u00e8 cos\u00ec indiscusso che il Kenya \u00e8 stato ufficialmente riconosciuto come tale ai World Travel Awards nel 2015 e da allora ha mantenuto questo titolo.<\/p>\n<h5><br><\/h5><h5>10. Il caff\u00e8 \u00e8 l'esportazione pi\u00f9 preziosa del paese<\/h5>\n<p>Nel marzo 2021, il Kenya ha esportato caff\u00e8 per un valore di circa 4,56 miliardi di scellini keniani, equivalenti a oltre 40,2 milioni di dollari. \u00c8 ENORME e, sebbene non sia grande quanto le esportazioni della Colombia (3,9 miliardi di dollari), \u00e8 una notevole quantit\u00e0 di caff\u00e8 - probabilmente almeno 100 tazze!  E dopotutto la Colombia \u00e8 la capitale del caff\u00e8, quindi un applauso al Kenya!<\/p>\n<p>Anche se potrebbe essere di parte, Haron aggiunge questo: \"Il caff\u00e8 keniano \u00e8 considerato uno dei migliori caff\u00e8 del mondo\", e questa affermazione \u00e8 cos\u00ec vera che anche la maggior parte dei keniani non lo beve perch\u00e9 \u00e8 molto apprezzato e molto piccolo. le quantit\u00e0 vengono vendute sul mercato interno.<\/p>\n<h5><br><\/h5><h5>11. La grande migrazione degli gnu non ha n\u00e9 un inizio n\u00e9 una fine&nbsp;<\/h5>\n<p>Molti pensano che la Grande Migrazione avvenga solo una volta all\u2019anno, ma questo fenomeno naturale si verifica tutto l\u2019anno come un ciclo, il che significa che tecnicamente non \u201cinizia\u201d o \u201cfinisce\u201d da nessuna parte. Questo \u00e8 uno dei fatti pi\u00f9 interessanti del Kenya. Gnu, zebre e antilopi migrano in senso orario tra Kenya e Tanzania, e la Riserva Naturale Masai Mara in Kenya \u00e8 uno dei posti migliori per assistere a uno dei pi\u00f9 grandi spettacoli della terra.<\/p>\n<p>Dato che gli animali sono costantemente in movimento, consigliamo un viaggio in Kenya in alcuni mesi dell'anno&nbsp;<a href=\"https:\/\/www.contiki.com\/six-two\/article\/best-time-for-safari\/\">Questo ti offre la migliore opportunit\u00e0 di vedere di persona questa famosa migrazione.<\/a>&nbsp;Luglio e i mesi circostanti segnano il picco, quindi prenota allora il tuo&nbsp;<a href=\"https:\/\/www.contiki.com\/en-us\/destinations\/africa-the-middle-east\/kenya\">viaggio in Kenya.<\/a>&nbsp;then.<\/p>\n<h5><br><\/h5><h5>12. L'umanit\u00e0 inizia in Kenya<\/h5>\n<p>\"L'Africa orientale, incluso il Kenya, \u00e8 una delle prime regioni in cui si pensa abbia vissuto l'uomo moderno (Homo sapiens). Nel 2018, sono state trovate prove risalenti a 320.000 anni fa che indicano l'emergere di comportamenti moderni, compreso l'uso di pigmenti e la produzione di punte di proiettile.\"<\/p>\n<p>Molti paesi africani sono considerati i luoghi di nascita dell'umanit\u00e0, poich\u00e9 resti umani e prove di vita umana possono essere trovati in tutto il continente. Quindi \u00e8 sorprendente che il Kenya possa annoverarsi tra questi paesi e siamo sicuri che questo fatto invoglier\u00e0 gli amanti della storia e dell'antropologia di tutto il mondo a visitare il Kenya.<\/p>\n<\/div>\n<\/div>\t\t\t\t\t\t<\/div>\n\t\t\t\t<\/div>\n\t\t\t\t\t<\/div>\n\t\t\t\t<\/div>\n\t\t\t\t<\/div>","protected":false},"excerpt":{"rendered":"<p>Considering how absolutely incredible&nbsp;Kenya&nbsp;is, it doesn\u2019t get talked about nearly enough! This diverse country in&nbsp;East Africa&nbsp;is home to all five of the Big 5, dramatic landscapes that transform as you move through the country, and vibrant sites such as the Great Rift Valley and the sweeping plains of the Amboseli National Park.&nbsp; Coastlines, cities, and [&hellip;]<\/p>","protected":false},"author":2,"featured_media":0,"parent":0,"menu_order":0,"comment_status":"closed","ping_status":"closed","template":"","meta":{"footnotes":""},"class_list":["post-1325","page","type-page","status-publish","hentry"],"_links":{"self":[{"href":"https:\/\/weber-watamu.com\/it\/wp-json\/wp\/v2\/pages\/1325","targetHints":{"allow":["GET"]}}],"collection":[{"href":"https:\/\/weber-watamu.com\/it\/wp-json\/wp\/v2\/pages"}],"about":[{"href":"https:\/\/weber-watamu.com\/it\/wp-json\/wp\/v2\/types\/page"}],"author":[{"embeddable":true,"href":"https:\/\/weber-watamu.com\/it\/wp-json\/wp\/v2\/users\/2"}],"replies":[{"embeddable":true,"href":"https:\/\/weber-watamu.com\/it\/wp-json\/wp\/v2\/comments?post=1325"}],"version-history":[{"count":0,"href":"https:\/\/weber-watamu.com\/it\/wp-json\/wp\/v2\/pages\/1325\/revisions"}],"wp:attachment":[{"href":"https:\/\/weber-watamu.com\/it\/wp-json\/wp\/v2\/media?parent=1325"}],"curies":[{"name":"wp","href":"https:\/\/api.w.org\/{rel}","templated":true}]}}