{"id":1100,"date":"2024-04-15T17:08:04","date_gmt":"2024-04-15T15:08:04","guid":{"rendered":"https:\/\/weber-watamu.com\/?page_id=1100"},"modified":"2025-04-11T16:07:56","modified_gmt":"2025-04-11T14:07:56","slug":"services1","status":"publish","type":"page","link":"https:\/\/weber-watamu.com\/it\/services1\/","title":{"rendered":"servizio"},"content":{"rendered":"<div data-elementor-type=\"wp-page\" data-elementor-id=\"1100\" class=\"elementor elementor-1100\" data-elementor-post-type=\"page\">\n\t\t\t\t<div class=\"elementor-element elementor-element-3938c5c e-con-full e-flex e-con e-parent\" data-id=\"3938c5c\" data-element_type=\"container\" data-settings=\"{&quot;background_background&quot;:&quot;classic&quot;}\">\n\t\t\t\t<\/div>\n\t\t<div class=\"elementor-element elementor-element-ac443b3 e-con-full e-flex e-con e-parent\" data-id=\"ac443b3\" data-element_type=\"container\">\n\t\t\t\t<div class=\"elementor-element elementor-element-fb1750b elementor-widget elementor-widget-heading\" data-id=\"fb1750b\" data-element_type=\"widget\" data-widget_type=\"heading.default\">\n\t\t\t\t<div class=\"elementor-widget-container\">\n\t\t\t<h2 class=\"elementor-heading-title elementor-size-default\">SERVIZI<\/h2>\t\t<\/div>\n\t\t\t\t<\/div>\n\t\t\t\t<\/div>\n\t\t<div class=\"elementor-element elementor-element-01bb31f e-con-full e-flex e-con e-parent\" data-id=\"01bb31f\" data-element_type=\"container\">\n\t\t<div class=\"elementor-element elementor-element-2ba49aa e-con-full e-flex e-con e-child\" data-id=\"2ba49aa\" data-element_type=\"container\">\n\t\t\t\t<div class=\"elementor-element elementor-element-7d19c7f elementor-widget elementor-widget-heading\" data-id=\"7d19c7f\" data-element_type=\"widget\" data-widget_type=\"heading.default\">\n\t\t\t\t<div class=\"elementor-widget-container\">\n\t\t\t<h2 class=\"elementor-heading-title elementor-size-default\">Lavanderia<\/h2>\t\t<\/div>\n\t\t\t\t<\/div>\n\t\t\t\t<div class=\"elementor-element elementor-element-5cec228 elementor-widget elementor-widget-text-editor\" data-id=\"5cec228\" data-element_type=\"widget\" data-widget_type=\"text-editor.default\">\n\t\t\t\t<div class=\"elementor-widget-container\">\n\t\t\t\t\t\t\t<p>Il servizio lavanderia gratuito \u00e8 disponibile per tutta la durata del soggiorno.<\/p><p>Chiedetelo alla nostra governante Maggie.<\/p>\t\t\t\t\t\t<\/div>\n\t\t\t\t<\/div>\n\t\t\t\t<div class=\"elementor-element elementor-element-437ded5 elementor-widget elementor-widget-image\" data-id=\"437ded5\" data-element_type=\"widget\" data-widget_type=\"image.default\">\n\t\t\t\t<div class=\"elementor-widget-container\">\n\t\t\t\t\t\t\t\t\t\t\t\t\t<img fetchpriority=\"high\" decoding=\"async\" width=\"360\" height=\"360\" src=\"https:\/\/weber-watamu.com\/wp-content\/uploads\/2024\/07\/landry.jpg\" class=\"attachment-large size-large wp-image-1765\" alt=\"\" srcset=\"https:\/\/weber-watamu.com\/wp-content\/uploads\/2024\/07\/landry.jpg 360w, https:\/\/weber-watamu.com\/wp-content\/uploads\/2024\/07\/landry-300x300.jpg 300w, https:\/\/weber-watamu.com\/wp-content\/uploads\/2024\/07\/landry-150x150.jpg 150w, https:\/\/weber-watamu.com\/wp-content\/uploads\/2024\/07\/landry-12x12.jpg 12w\" sizes=\"(max-width: 360px) 100vw, 360px\" \/>\t\t\t\t\t\t\t\t\t\t\t\t\t<\/div>\n\t\t\t\t<\/div>\n\t\t\t\t<\/div>\n\t\t<div class=\"elementor-element elementor-element-99ddf3a e-con-full e-flex e-con e-child\" data-id=\"99ddf3a\" data-element_type=\"container\">\n\t\t\t\t<div class=\"elementor-element elementor-element-bcac9aa elementor-widget elementor-widget-heading\" data-id=\"bcac9aa\" data-element_type=\"widget\" data-widget_type=\"heading.default\">\n\t\t\t\t<div class=\"elementor-widget-container\">\n\t\t\t<h2 class=\"elementor-heading-title elementor-size-default\">Cucina<\/h2>\t\t<\/div>\n\t\t\t\t<\/div>\n\t\t\t\t<div class=\"elementor-element elementor-element-21ae980 elementor-widget elementor-widget-text-editor\" data-id=\"21ae980\" data-element_type=\"widget\" data-widget_type=\"text-editor.default\">\n\t\t\t\t<div class=\"elementor-widget-container\">\n\t\t\t\t\t\t\t<p>Nella nostra cucina completamente attrezzata, puoi cucinare da solo o usare i servizi di cucina della nostra eccellente governante. Le paghi solo gli ingredienti e lei comprer\u00e0 e cuciner\u00e0 tutto ci\u00f2 che desideri secondo i tuoi desideri.<\/p><p>Maggie ha completato una scuola alberghiera con specializzazione in cucina. Ha lavorato nelle migliori cucine alberghiere in Africa. Lui cucina sia cucina europea che africana. Non hai mai mangiato pesce cos\u00ec buono come da lei.<\/p>\t\t\t\t\t\t<\/div>\n\t\t\t\t<\/div>\n\t\t\t\t<div class=\"elementor-element elementor-element-03c07db elementor-widget elementor-widget-gallery\" data-id=\"03c07db\" data-element_type=\"widget\" data-settings=\"{&quot;columns&quot;:2,&quot;columns_mobile&quot;:2,&quot;lazyload&quot;:&quot;yes&quot;,&quot;gallery_layout&quot;:&quot;grid&quot;,&quot;columns_tablet&quot;:2,&quot;gap&quot;:{&quot;unit&quot;:&quot;px&quot;,&quot;size&quot;:10,&quot;sizes&quot;:[]},&quot;gap_tablet&quot;:{&quot;unit&quot;:&quot;px&quot;,&quot;size&quot;:10,&quot;sizes&quot;:[]},&quot;gap_mobile&quot;:{&quot;unit&quot;:&quot;px&quot;,&quot;size&quot;:10,&quot;sizes&quot;:[]},&quot;link_to&quot;:&quot;file&quot;,&quot;aspect_ratio&quot;:&quot;3:2&quot;,&quot;overlay_background&quot;:&quot;yes&quot;,&quot;content_hover_animation&quot;:&quot;fade-in&quot;}\" data-widget_type=\"gallery.default\">\n\t\t\t\t<div class=\"elementor-widget-container\">\n\t\t\t\t\t<div class=\"elementor-gallery__container\">\n\t\t\t\t\t\t\t<a class=\"e-gallery-item elementor-gallery-item elementor-animated-content\" href=\"https:\/\/weber-watamu.com\/wp-content\/uploads\/2024\/07\/3.jpg\" data-elementor-open-lightbox=\"yes\" data-elementor-lightbox-slideshow=\"03c07db\" data-elementor-lightbox-title=\"3\" data-e-action-hash=\"#elementor-action%3Aaction%3Dlightbox%26settings%3DeyJpZCI6MTc2OSwidXJsIjoiaHR0cHM6XC9cL3dlYmVyLXdhdGFtdS5jb21cL3dwLWNvbnRlbnRcL3VwbG9hZHNcLzIwMjRcLzA3XC8zLmpwZyIsInNsaWRlc2hvdyI6IjAzYzA3ZGIifQ%3D%3D\">\n\t\t\t\t\t<div class=\"e-gallery-image elementor-gallery-item__image\" data-thumbnail=\"https:\/\/weber-watamu.com\/wp-content\/uploads\/2024\/07\/3-768x1024.jpg\" data-width=\"768\" data-height=\"1024\" aria-label=\"\" role=\"img\" ><\/div>\n\t\t\t\t\t\t\t\t\t\t\t<div class=\"elementor-gallery-item__overlay\"><\/div>\n\t\t\t\t\t\t\t\t\t\t\t\t\t\t<\/a>\n\t\t\t\t\t\t\t<a class=\"e-gallery-item elementor-gallery-item elementor-animated-content\" href=\"https:\/\/weber-watamu.com\/wp-content\/uploads\/2024\/07\/2.jpg\" data-elementor-open-lightbox=\"yes\" data-elementor-lightbox-slideshow=\"03c07db\" data-elementor-lightbox-title=\"2\" data-e-action-hash=\"#elementor-action%3Aaction%3Dlightbox%26settings%3DeyJpZCI6MTc2OCwidXJsIjoiaHR0cHM6XC9cL3dlYmVyLXdhdGFtdS5jb21cL3dwLWNvbnRlbnRcL3VwbG9hZHNcLzIwMjRcLzA3XC8yLmpwZyIsInNsaWRlc2hvdyI6IjAzYzA3ZGIifQ%3D%3D\">\n\t\t\t\t\t<div class=\"e-gallery-image elementor-gallery-item__image\" data-thumbnail=\"https:\/\/weber-watamu.com\/wp-content\/uploads\/2024\/07\/2-768x576.jpg\" data-width=\"768\" data-height=\"576\" aria-label=\"\" role=\"img\" ><\/div>\n\t\t\t\t\t\t\t\t\t\t\t<div class=\"elementor-gallery-item__overlay\"><\/div>\n\t\t\t\t\t\t\t\t\t\t\t\t\t\t<\/a>\n\t\t\t\t\t\t\t<a class=\"e-gallery-item elementor-gallery-item elementor-animated-content\" href=\"https:\/\/weber-watamu.com\/wp-content\/uploads\/2024\/07\/1-e1719826899887.jpg\" data-elementor-open-lightbox=\"yes\" data-elementor-lightbox-slideshow=\"03c07db\" data-elementor-lightbox-title=\"1\" data-e-action-hash=\"#elementor-action%3Aaction%3Dlightbox%26settings%3DeyJpZCI6MTc2NywidXJsIjoiaHR0cHM6XC9cL3dlYmVyLXdhdGFtdS5jb21cL3dwLWNvbnRlbnRcL3VwbG9hZHNcLzIwMjRcLzA3XC8xLWUxNzE5ODI2ODk5ODg3LmpwZyIsInNsaWRlc2hvdyI6IjAzYzA3ZGIifQ%3D%3D\">\n\t\t\t\t\t<div class=\"e-gallery-image elementor-gallery-item__image\" data-thumbnail=\"https:\/\/weber-watamu.com\/wp-content\/uploads\/2024\/07\/1-e1719826899887-768x576.jpg\" data-width=\"768\" data-height=\"576\" aria-label=\"\" role=\"img\" ><\/div>\n\t\t\t\t\t\t\t\t\t\t\t<div class=\"elementor-gallery-item__overlay\"><\/div>\n\t\t\t\t\t\t\t\t\t\t\t\t\t\t<\/a>\n\t\t\t\t\t\t\t<a class=\"e-gallery-item elementor-gallery-item elementor-animated-content\" href=\"https:\/\/weber-watamu.com\/wp-content\/uploads\/2024\/07\/6.jpg\" data-elementor-open-lightbox=\"yes\" data-elementor-lightbox-slideshow=\"03c07db\" data-elementor-lightbox-title=\"6\" data-e-action-hash=\"#elementor-action%3Aaction%3Dlightbox%26settings%3DeyJpZCI6MTc3MCwidXJsIjoiaHR0cHM6XC9cL3dlYmVyLXdhdGFtdS5jb21cL3dwLWNvbnRlbnRcL3VwbG9hZHNcLzIwMjRcLzA3XC82LmpwZyIsInNsaWRlc2hvdyI6IjAzYzA3ZGIifQ%3D%3D\">\n\t\t\t\t\t<div class=\"e-gallery-image elementor-gallery-item__image\" data-thumbnail=\"https:\/\/weber-watamu.com\/wp-content\/uploads\/2024\/07\/6-768x576.jpg\" data-width=\"768\" data-height=\"576\" aria-label=\"\" role=\"img\" ><\/div>\n\t\t\t\t\t\t\t\t\t\t\t<div class=\"elementor-gallery-item__overlay\"><\/div>\n\t\t\t\t\t\t\t\t\t\t\t\t\t\t<\/a>\n\t\t\t\t\t<\/div>\n\t\t\t<\/div>\n\t\t\t\t<\/div>\n\t\t\t\t<\/div>\n\t\t\t\t<\/div>\n\t\t<div class=\"elementor-element elementor-element-4754c92 e-con-full e-flex e-con e-parent\" data-id=\"4754c92\" data-element_type=\"container\">\n\t\t<div class=\"elementor-element elementor-element-936bffa e-con-full e-flex e-con e-child\" data-id=\"936bffa\" data-element_type=\"container\">\n\t\t\t\t<div class=\"elementor-element elementor-element-289e85f elementor-widget elementor-widget-heading\" data-id=\"289e85f\" data-element_type=\"widget\" data-widget_type=\"heading.default\">\n\t\t\t\t<div class=\"elementor-widget-container\">\n\t\t\t<h2 class=\"elementor-heading-title elementor-size-default\">Massaggio<\/h2>\t\t<\/div>\n\t\t\t\t<\/div>\n\t\t\t\t<div class=\"elementor-element elementor-element-4f248fe elementor-widget elementor-widget-text-editor\" data-id=\"4f248fe\" data-element_type=\"widget\" data-widget_type=\"text-editor.default\">\n\t\t\t\t<div class=\"elementor-widget-container\">\n\t\t\t\t\t\t\t<p>La nostra massaggiatrice esperta vi far\u00e0 un massaggio di tutto il corpo e di singole parti secondo i vostri desideri. Scriveteci per maggiori informazioni.<\/p>\t\t\t\t\t\t<\/div>\n\t\t\t\t<\/div>\n\t\t\t\t<div class=\"elementor-element elementor-element-344c2ea elementor-widget elementor-widget-image\" data-id=\"344c2ea\" data-element_type=\"widget\" data-widget_type=\"image.default\">\n\t\t\t\t<div class=\"elementor-widget-container\">\n\t\t\t\t\t\t\t\t\t\t\t\t\t<img decoding=\"async\" width=\"768\" height=\"1024\" src=\"https:\/\/weber-watamu.com\/wp-content\/uploads\/2024\/07\/4-768x1024.jpg\" class=\"attachment-large size-large wp-image-1771\" alt=\"\" srcset=\"https:\/\/weber-watamu.com\/wp-content\/uploads\/2024\/07\/4-768x1024.jpg 768w, https:\/\/weber-watamu.com\/wp-content\/uploads\/2024\/07\/4-225x300.jpg 225w, https:\/\/weber-watamu.com\/wp-content\/uploads\/2024\/07\/4-9x12.jpg 9w, https:\/\/weber-watamu.com\/wp-content\/uploads\/2024\/07\/4.jpg 889w\" sizes=\"(max-width: 768px) 100vw, 768px\" \/>\t\t\t\t\t\t\t\t\t\t\t\t\t<\/div>\n\t\t\t\t<\/div>\n\t\t\t\t<\/div>\n\t\t<div class=\"elementor-element elementor-element-fd8c20d e-con-full e-flex e-con e-child\" data-id=\"fd8c20d\" data-element_type=\"container\">\n\t\t\t\t<div class=\"elementor-element elementor-element-7a8787b elementor-widget elementor-widget-heading\" data-id=\"7a8787b\" data-element_type=\"widget\" data-widget_type=\"heading.default\">\n\t\t\t\t<div class=\"elementor-widget-container\">\n\t\t\t<h2 class=\"elementor-heading-title elementor-size-default\">Trecce<\/h2>\t\t<\/div>\n\t\t\t\t<\/div>\n\t\t\t\t<div class=\"elementor-element elementor-element-330c4d6 elementor-widget elementor-widget-text-editor\" data-id=\"330c4d6\" data-element_type=\"widget\" data-widget_type=\"text-editor.default\">\n\t\t\t\t<div class=\"elementor-widget-container\">\n\t\t\t\t\t\t\t<p>Vuoi farti fare le trecce? Nessun problema. Scrivici e ti organizzeremo un parrucchiere.<\/p>\t\t\t\t\t\t<\/div>\n\t\t\t\t<\/div>\n\t\t\t\t<div class=\"elementor-element elementor-element-27a24ed elementor-widget elementor-widget-image\" data-id=\"27a24ed\" data-element_type=\"widget\" data-widget_type=\"image.default\">\n\t\t\t\t<div class=\"elementor-widget-container\">\n\t\t\t\t\t\t\t\t\t\t\t\t\t<img decoding=\"async\" width=\"612\" height=\"612\" src=\"https:\/\/weber-watamu.com\/wp-content\/uploads\/2024\/07\/5.jpg\" class=\"attachment-large size-large wp-image-1772\" alt=\"\" srcset=\"https:\/\/weber-watamu.com\/wp-content\/uploads\/2024\/07\/5.jpg 612w, https:\/\/weber-watamu.com\/wp-content\/uploads\/2024\/07\/5-300x300.jpg 300w, https:\/\/weber-watamu.com\/wp-content\/uploads\/2024\/07\/5-150x150.jpg 150w, https:\/\/weber-watamu.com\/wp-content\/uploads\/2024\/07\/5-12x12.jpg 12w\" sizes=\"(max-width: 612px) 100vw, 612px\" \/>\t\t\t\t\t\t\t\t\t\t\t\t\t<\/div>\n\t\t\t\t<\/div>\n\t\t\t\t<\/div>\n\t\t\t\t<\/div>\n\t\t\t\t<\/div>","protected":false},"excerpt":{"rendered":"<p>SERVICES Laundry Free laundry service is available for the entire duration of your stay. Just ask our housekeeper Maggie. Cooking In our fully equipped kitchen, you can either cook yourself or use the cooking services of our excellent housekeeper. You only pay her the ingredients and she will buy and cook whatever you want according [&hellip;]<\/p>","protected":false},"author":1,"featured_media":0,"parent":0,"menu_order":0,"comment_status":"closed","ping_status":"closed","template":"","meta":{"footnotes":""},"class_list":["post-1100","page","type-page","status-publish","hentry"],"_links":{"self":[{"href":"https:\/\/weber-watamu.com\/it\/wp-json\/wp\/v2\/pages\/1100","targetHints":{"allow":["GET"]}}],"collection":[{"href":"https:\/\/weber-watamu.com\/it\/wp-json\/wp\/v2\/pages"}],"about":[{"href":"https:\/\/weber-watamu.com\/it\/wp-json\/wp\/v2\/types\/page"}],"author":[{"embeddable":true,"href":"https:\/\/weber-watamu.com\/it\/wp-json\/wp\/v2\/users\/1"}],"replies":[{"embeddable":true,"href":"https:\/\/weber-watamu.com\/it\/wp-json\/wp\/v2\/comments?post=1100"}],"version-history":[{"count":0,"href":"https:\/\/weber-watamu.com\/it\/wp-json\/wp\/v2\/pages\/1100\/revisions"}],"wp:attachment":[{"href":"https:\/\/weber-watamu.com\/it\/wp-json\/wp\/v2\/media?parent=1100"}],"curies":[{"name":"wp","href":"https:\/\/api.w.org\/{rel}","templated":true}]}}