{"id":1089,"date":"2024-04-15T17:06:34","date_gmt":"2024-04-15T15:06:34","guid":{"rendered":"https:\/\/weber-watamu.com\/?page_id=1089"},"modified":"2024-06-25T21:21:19","modified_gmt":"2024-06-25T19:21:19","slug":"about-watamu","status":"publish","type":"page","link":"https:\/\/weber-watamu.com\/it\/about-watamu\/","title":{"rendered":"A proposito di Watamu"},"content":{"rendered":"<p>Watamu \u00e8 uno splendido e tranquillo villaggio sulla costa del Kenya, incastonato tra spiagge incontaminate e lussureggiante foresta tropicale. Da quando fu fondata come remoto avamposto swahili a Gedi, questa zona \u00e8 rimasta un'oasi di pace e tranquillit\u00e0 ed \u00e8 ancora una delle aree meno sviluppate e pi\u00f9 naturali della costa.  Conosciuta per il suo stile di vita unico, rilassato e rilassato, Watamu accoglie i visitatori che desiderano rilassarsi, esplorare e godersi le meraviglie che la citt\u00e0 ha da offrire.<\/p>\n\n\n\n<p>Che si tratti di una vacanza in famiglia, di una fuga romantica o di un'avventura selvaggia sulla costa, non dimenticherai mai le meraviglie di Watamu.<\/p>\n\n\n\n<p>Watamu ha una storia unica. Questa \u00e8 la localit\u00e0 del Kenya con una popolazione prevalentemente italiana. Si chiama anche Piccola Italia. Non sei qui da molto; Stiamo parlando di una seconda e terza generazione. Circolano molte storie, talvolta contraddittorie, su come siano arrivati \u200b\u200bqui. La storia pi\u00f9 emozionante riguarda la mafia siciliana. Si dice che si siano stabiliti qui per riciclare denaro sporco nei fiorenti ristoranti. Vorrebbero nascondersi tra gli attuali residenti italiani che rimasero qui dopo la seconda guerra mondiale. Questi primi italiani combatterono a fianco dei tedeschi contro gli inglesi e, tra l'altro, persero...<\/p>\n\n\n\n<figure class=\"wp-block-image size-large is-resized\"><img fetchpriority=\"high\" decoding=\"async\" width=\"1024\" height=\"680\" src=\"https:\/\/weber-watamu.com\/wp-content\/uploads\/2024\/04\/12-1024x680.jpg\" alt=\"\" class=\"wp-image-1096\" style=\"width:699px;height:auto\" srcset=\"https:\/\/weber-watamu.com\/wp-content\/uploads\/2024\/04\/12-1024x680.jpg 1024w, https:\/\/weber-watamu.com\/wp-content\/uploads\/2024\/04\/12-300x199.jpg 300w, https:\/\/weber-watamu.com\/wp-content\/uploads\/2024\/04\/12-768x510.jpg 768w, https:\/\/weber-watamu.com\/wp-content\/uploads\/2024\/04\/12-18x12.jpg 18w, https:\/\/weber-watamu.com\/wp-content\/uploads\/2024\/04\/12.jpg 1200w\" sizes=\"(max-width: 1024px) 100vw, 1024px\" \/><\/figure>\n\n\n\n<p>Il primo hotel costruito a Watamu fu l'Ocean Sports, che nacque come bar sulla spiaggia di Turtle Bay (lo stesso luogo in cui si trovavano parti della prima famiglia irlandese dopo il naufragio) e fu costruito da Ian Pritchard, che sbarc\u00f2 l\u00ec nel 1951. Successivamente il bar venne ampliato in albergo e fu il primo centro per gli sport acquatici.<br>La seconda camera d'albergo era l'edificio di Watamu Beach con vista sulla baia di Watamu.<br>La combinazione di queste comunit\u00e0 con le loro diverse culture e attivit\u00e0 economiche ha dato origine a Watamu, che rimane una popolare destinazione turistica e un'area marina ricca di biodiversit\u00e0. Quest'area \u00e8 supportata dal Kenya Wildlife Service, che nel 1968 ha istituito il Parco e Riserva Marina Nazionale di Watamu, che si estende per oltre 42 chilometri quadrati lungo la costa e fornisce protezione legale alla riserva naturale.<br>Nel 1979, Watamu ha ricevuto una maggiore protezione internazionale quando \u00e8 stata dichiarata Riserva umana e della biosfera delle Nazioni Unite (UNMBR).<br>Watamu \u00e8 oggi una societ\u00e0 cosmopolita con una popolazione di 2.000 residenti ed \u00e8 cresciuta fino a includere 16 hotel e resort da due a cinque stelle, numerosi hotel e ville private ed \u00e8 stata votata come la seconda migliore spiaggia di sabbia in Africa dalla CNN Travel nel 2012.<\/p>\n\n\n\n<p>Watamu era abitata da mercanti arabi che conquistarono gran parte della costa del Kenya all'inizio del XVIII secolo. Secondo i reperti archeologici, Watamu sarebbe stata abitata fin dal 13\u00b0 secolo. Santuari e luoghi sacri, ora rovine, sono attrazioni popolari.<\/p>\n\n\n\n<p>Curiosit\u00e0: Nel 2007 a Watamu \u00e8 stata scoperta la specie di cobra sputatore pi\u00f9 grande del mondo (Naja ashei), un serpente della famiglia Elapidi, chiamato anche cobra sputatore gigante. Il veleno di questa specie \u00e8 molto simile nella composizione (neurotossine e citotossine) a quello di altri cobra sputatori, tra cui il cobra sputatore dal collo nero (Naja nigricollis) e il cobra sputatore rosso (Naja pallida), entrambi presenti nel stesse aree. Tuttavia, questa specie \u00e8 in grado di iniettare una quantit\u00e0 di veleno molto maggiore in un singolo morso rispetto all\u2019altra. L'epiteto specifico di questa specie \u00e8 un omaggio al defunto James Ashe, che fond\u00f2 la fattoria dei serpenti di Watamu e fu uno dei primi esperti a suggerire che il Naja Ashei fosse una nuova specie.<\/p>","protected":false},"excerpt":{"rendered":"<p>Watamu is a beautiful and peaceful village on the Kenya Coast, nestled between pristine beaches and lush tropical forest. Since it was first settled as a remote Swahili outpost at Gedi, this area has remained a haven of peace and tranquility and is still one of the coast&#8217;s most undeveloped and natural areas.&nbsp; Known for [&hellip;]<\/p>","protected":false},"author":2,"featured_media":0,"parent":0,"menu_order":0,"comment_status":"closed","ping_status":"closed","template":"","meta":{"footnotes":""},"class_list":["post-1089","page","type-page","status-publish","hentry"],"_links":{"self":[{"href":"https:\/\/weber-watamu.com\/it\/wp-json\/wp\/v2\/pages\/1089","targetHints":{"allow":["GET"]}}],"collection":[{"href":"https:\/\/weber-watamu.com\/it\/wp-json\/wp\/v2\/pages"}],"about":[{"href":"https:\/\/weber-watamu.com\/it\/wp-json\/wp\/v2\/types\/page"}],"author":[{"embeddable":true,"href":"https:\/\/weber-watamu.com\/it\/wp-json\/wp\/v2\/users\/2"}],"replies":[{"embeddable":true,"href":"https:\/\/weber-watamu.com\/it\/wp-json\/wp\/v2\/comments?post=1089"}],"version-history":[{"count":0,"href":"https:\/\/weber-watamu.com\/it\/wp-json\/wp\/v2\/pages\/1089\/revisions"}],"wp:attachment":[{"href":"https:\/\/weber-watamu.com\/it\/wp-json\/wp\/v2\/media?parent=1089"}],"curies":[{"name":"wp","href":"https:\/\/api.w.org\/{rel}","templated":true}]}}