{"id":1325,"date":"2024-06-01T10:30:44","date_gmt":"2024-06-01T08:30:44","guid":{"rendered":"https:\/\/weber-watamu.com\/?page_id=1325"},"modified":"2024-06-25T19:53:43","modified_gmt":"2024-06-25T17:53:43","slug":"about-kenya","status":"publish","type":"page","link":"https:\/\/weber-watamu.com\/de\/about-kenya\/","title":{"rendered":"\u00dcber Kenia"},"content":{"rendered":"<div data-elementor-type=\"wp-page\" data-elementor-id=\"1325\" class=\"elementor elementor-1325\" data-elementor-post-type=\"page\">\n\t\t\t\t<div class=\"elementor-element elementor-element-5045de6 e-flex e-con-boxed e-con e-parent\" data-id=\"5045de6\" data-element_type=\"container\">\n\t\t\t\t\t<div class=\"e-con-inner\">\n\t\t\t\t<div class=\"elementor-element elementor-element-ec9bfd0 elementor-widget elementor-widget-text-editor\" data-id=\"ec9bfd0\" data-element_type=\"widget\" data-widget_type=\"text-editor.default\">\n\t\t\t\t<div class=\"elementor-widget-container\">\n\t\t\t\t\t\t\t<p>Obwohl&nbsp;<a href=\"https:\/\/www.contiki.com\/en-us\/destinations\/africa-the-middle-east\/kenya\">Kenia<\/a>&nbsp;einfach unglaublich ist, wird viel zu wenig dar\u00fcber gesprochen! Dieses vielf\u00e4ltige Land in&nbsp;<a href=\"https:\/\/www.contiki.com\/en-au\/tours\/east-africa-safari\">Ostafrika<\/a>&nbsp;beherbergt alle f\u00fcnf der Big 5, dramatische Landschaften, die sich ver\u00e4ndern, wenn man durch das Land zieht, und lebendige St\u00e4tten wie der Gro\u00dfe Afrikanischer Grabenbruch und die weitl\u00e4ufigen Ebenen des Amboseli-Nationalparks.&nbsp;<\/p>\n<p>K\u00fcsten, St\u00e4dte und raue und wilde Safariparks bilden Kenia, sowie so viele andere einzigartige Fakten, die Sie vielleicht nicht kennen!<\/p>\n<p>Ob Sie Ihr ganzes Leben auf die Masai Mara gewartet haben oder einfach nur eine Besessenheit haben, um zuf\u00e4lliges Trivia-Wissen zu absorbieren, hier sind 12 interessante Fakten \u00fcber Kenia, die Ihre Speicherbank erg\u00e4nzen.<\/p>\n<p><\/p>\n<ul>\n<li>Name: Republik Kenia<\/li>\n<li>Alter Name: Britisch-Kenia<\/li>\n<li>Sprache: Englisch und Suaheli<\/li>\n<li>Bev\u00f6lkerung: ca. 54 Millionen Menschen<\/li>\n<li>Hauptstadt: Nairobi<\/li>\n<li>W\u00e4hrung: Kenianischer Schilling<\/li>\n<li>Nationalfeiertag: Jamhuri-Tag \u2013 12. Dezember (Unabh\u00e4ngigkeitstag)<\/li>\n<li>Bekannt f\u00fcr:  ist das beste Safariziel der Welt!<\/li>\n<\/ul>\n<div>&nbsp;<\/div>\n<div>&nbsp;<\/div>\n<div>\n<h5>1. Kenia hat 50 Nationalparks und Reservate<\/h5>\n<p>Sie haben wahrscheinlich vom Masai-Mara-Nationalpark und dem Amboseli-Nationalpark geh\u00f6rt. Nationalpark geh\u00f6rt. Beide sind beliebte Safariziele und Amboseli bietet unschlagbare Ausblicke auf den Kilimandscharo in Tansania.<\/p>\n<p>Aber wussten Sie, dass es insgesamt 50 Nationalparks und Reservate in Kenia gibt? Das ist richtig, 23 Nationalparks und 28 Nationalreservate werden vom Kenya Wildlife Service verwaltet und gepflegt, um sicherzustellen, dass die einheimische Tierwelt dieses Landes gegen J\u00e4ger und Wilderer gesch\u00fctzt wird.<\/p>\n<p>Neben den 23 Nationalparks und 28 Nationalreservate ist Kenia auch Heimat von \u201e4 Schutzgebiete, 4 Meeresparks und 6 Meeresreservaten\u201c. Das ist eine ganze Menge gesch\u00fctzter Wildtiere \u2013 und was f\u00fcr eine sch\u00f6ne Sache!<\/p>\n<p><\/p>\n<h4>2. Dar Gro\u00dfe Afrikanische Grabenbruch entstand vor mehr als 25 Millionen Jahren<\/h4>\n<p>Dies ist wahrscheinlich eine der interessantesten Fakten \u00fcber Kenia. Durch Kenia von Norden nach S\u00fcden verl\u00e4uft der Gro\u00dfe Afrikanische Grabenbruch, das auch als der Ostafrikanische Graben bekannt ist.  Es entstand vor mehr als 25 Millionen Jahren durch geologische Spannungen in der Erdkruste und ist etwa 6500 Kilometer lang und 60 Kilometer breit. Das weite Tal erm\u00f6glichte die Bildung vieler Seen und schuf einzigartige Lebensr\u00e4ume f\u00fcr die Tierwelt des Landes.<\/p><p><br><\/p>\n<h5>3. Es gibt \u00fcber 43 Sprachen und Dialekte, die in Kenia gesprochen werden.<\/h5>\n<p>Wie Sie oben sehen, werden in Kenia zwei Sprachen gesprochen: Englisch und Swahili. \u201eDie Amtssprache ist Englisch\u201c, informiert Haron, \u201ew\u00e4hrend die Landessprache Swahili ist, das im ganzen Land weit verbreitet ist.\"<\/p>\n<p>\u201eMeistens h\u00f6rt man diese Ausdr\u00fccke: \u201aJambo\u2018, was Hallo bedeutet, oder \u201aHabari\u2018, was auch Hallo bedeutet, aber haupts\u00e4chlich verwendet wird, um Freunde oder Verwandte zu begr\u00fc\u00dfen.\u201c Wenn Sie an Contikis<a href=\"https:\/\/www.contiki.com\/en-au\/tours\/kenyan-highlights\">&nbsp;kenianischer Highlights-Reise<\/a>&nbsp;teilnehmen, probieren Sie sie mit den Einheimischen aus!<\/p>\n<p>Neben Englisch und Swahili werden in Kenia \u00fcber 43 Sprachen und Dialekte gesprochen und in drei Kategorien eingeteilt. \u201cDie erste Kategorie ist Bantu, das von 65 % der Bev\u00f6lkerung gesprochen wird, Nilotic (auch paranilotic genannt), das von 31 % der Bev\u00f6lkerung gesprochen wird, und Cushites, das nur von 4 % gesprochen wird.\"<\/p><p><br><\/p>\n<h5>4. Kenia ist Heimat einiger der besten Langstreckenl\u00e4ufer der Welt&nbsp;<\/h5>\n<p>Es muss etwas mit dem Wasser in Kenia zu tun haben! Insbesondere das Volk der Kalenjin hat viele Athleten und Langstreckenl\u00e4ufer hervorgebracht, die Weltrekorde gebrochen haben und daf\u00fcr bekannt sind, die Marathonl\u00e4ufe auf der ganzen Welt zu dominieren.<\/p>\n<p>Was Sie vielleicht auch nicht wissen: Der Gro\u00dfe Afrikanische Grabenbruch ist f\u00fcr viele dieser L\u00e4ufer tats\u00e4chlich der Spielplatz (und Trainingsplatz)! \u201eKenia ist die Heimat einiger der weltbesten Langstreckenl\u00e4ufer\u201c, sagt Haron. \u201eSie kommen zum Training in diese Region, weil die H\u00f6henlage und das zerkl\u00fcftete Gel\u00e4nde ein hartes Trainingsgel\u00e4nde darstellen, das ihre F\u00e4higkeiten enorm verbessert.\u201c<\/p>\n<h5><br><\/h5><h5>5. Kenia ist Heimat einiger sch\u00f6ner nationaler Arten!&nbsp;<\/h5>\n<p>Wie Sie vielleicht wissen oder nicht, hat jedes Land ein nationales Tier, Vogel und Blume, und Kenias Entscheidungen sind absolute Knaller.<\/p>\n<p>Das Nationaltier Kenias ist der Ostafrikanische L\u00f6we, eine Art, die von der<a href=\"https:\/\/www.iucn.org\/resources\/conservation-tools\/iucn-red-list-threatened-species\">&nbsp;Internationalen Union f\u00fcr Naturschutz<\/a>als gef\u00e4hrdet angesehen wird. Der afrikanische L\u00f6we geh\u00f6rt zu den \u201eBig 5\u201c und ist neben anderen pr\u00e4chtigen afrikanischen Tieren wie dem afrikanischen Leoparden, dem afrikanischen Elefanten, dem Kapb\u00fcffel und dem Nashorn einer der gr\u00f6\u00dften Wildtiere Afrikas.  Vielleicht haben Sie Gl\u00fcck und k\u00f6nnen auf einer Safari mit Contiki einen Blick auf sie erhaschen!&nbsp;<a href=\"https:\/\/www.contiki.com\/en-us\/travel-styles\/african-safari-trips\">safari with Contiki<\/a>!<\/p>\n<p>Der Nationalvogel Kenias ist der Gabelracke, der vielleicht eine weniger bekannte Art ist als der K\u00f6nigliche L\u00f6we, der aber einen ganz eigenen Platz verdient. Mit einem Muster von lebendigen Lila und Blaut\u00f6nen verf\u00fcgt dieser Vogel \u00fcber eine schillernde und hypnotisierende Fl\u00fcgelspannweite. Wenn Sie das Gl\u00fcck haben, ein in der Wildnis zu sehen, werden Sie es nie vergessen.<\/p>\n<p>Und schlie\u00dflich ist die Nationalblume Kenias die beliebte und k\u00f6nigliche Orchidee. Keine Reise nach&nbsp;<a href=\"https:\/\/www.contiki.com\/en-us\/destinations\/africa-the-middle-east\/kenya\">also buchen Sie Ihre Reise nach Kenia dann.<\/a>&nbsp;ohne die gro\u00dfe Vielfalt der Orchideen f\u00fcr sich selbst zu erleben.<\/p>\n<h5><br><\/h5><h5>6. Die erste schwarze Frau, die einen Friedensnobelpreis gewann, stammt aus Kenia<\/h5>\n<p>Merken Sie sich den Namen: Wangari Muta Maathai. Diese inspirierende Frau war eine kenianische Umwelt-, Sozial- und Politikaktivistin, die 2004 den Friedensnobelpreis f\u00fcr ihren Beitrag zu nachhaltiger Entwicklung, Demokratie und Frieden erhielt. \u201eSie war die Gr\u00fcnderin der Gr\u00fcng\u00fcrtel-Bewegung, die die Pflanzung von \u00fcber 51 Millionen B\u00e4umen in Kenia erm\u00f6glichte.\u201c<\/p>\n<p>Insgesamt haben 18 Frauen den Friedensnobelpreis gewonnen, und Wangari Muta Maathai ist eine von nur vier schwarzen Frauen, die jemals einen Nobelpreis gewonnen haben.<\/p>\n<h5><br><\/h5><h5>7. Der Turkanasee ist der gr\u00f6\u00dfte W\u00fcstensee der Welt<\/h5>\n<p>Der Turkanasee ist in der ganzen Welt als der gr\u00f6\u00dfte W\u00fcstensee der Welt bekannt und zugleich auch der gr\u00f6\u00dfte See Kenias. Es befindet sich im Norden des Gro\u00dfen Afrikanischen Grabenbruchs und ist als UNESCO-Weltkulturerbe als Teil der drei Lake Turkana Nationalparks \u2013 Sibiloi National Park, Central Island National Park und South Island National Park.<\/p>\n<p>Sie denken vielleicht: \u201eWow, das sind eine Menge Nationalparks f\u00fcr nur einen See\u201c, und ja, das stimmt, aber der Turkanasee ist \u00fcber 6.000 Quadratkilometer gro\u00df, also ein ziemlich gro\u00dfer See! Je mehr Aussichtspunkte, desto besser.<\/p>\n<div>&nbsp;<\/div>\n<div>\n<h5>8. Kenia ist weltweit f\u00fchrend beim Export von Schnittblumen<\/h5>\n<p>Wurden Sie in der Nacht auf dem Valentinstag auf frischer Tat ertappt, als Sie versuchten, den letzten zu rettenden Blumenstrau\u00df zu ergattern, weil Sie es vergessen hatten? Nicht in Kenia! Das Land geh\u00f6rt zu den f\u00fcnf gr\u00f6\u00dften Exporteuren von Schnittblumen \u2013 haupts\u00e4chlich Rosen und Nelken; sch\u00f6ne helle und komplizierte Blumen. Diese Exporte sind tats\u00e4chlich so gro\u00df, dass Kenia im Jahr 2022 allein in dieser Industrie 1,1 Milliarden US-Dollar erwirtschaftete.<\/p>\n<h5><br><\/h5><h5>9. Il Kenya \u00e8 la principale destinazione safari al mondo<\/h5>\n<p>Kenia ist die Heimat des Masai Mara Nationalreservats und grenzt direkt an den Serengeti-Park in Tansania. Kein Wunder also, dass das Land zu den beliebtesten Safarizielen der Welt z\u00e4hlt. Tats\u00e4chlich ist dieser Titel so unbestritten, dass Kenia im Jahr 2015 bei den World Travel Awards offiziell als solcher anerkannt wurde und seitdem diesen Titel behalten hat.<\/p>\n<h5><br><\/h5><h5>10. Kaffee ist das wertvollste Exportgut des Landes<\/h5>\n<p>Im M\u00e4rz 2021 exportierte Kenia Kaffee im Wert von rund 4,56 Milliarden kenianischen Schilling, was \u00fcber 40,2 Millionen US-Dollar entspricht. Das ist RIESIG, und obwohl es nicht so gro\u00df ist wie Kolumbiens Exporte (3,9 Milliarden US-Dollar), ist es eine stattliche Menge Kaffee \u2013 wahrscheinlich mindestens 100 Tassen!  Und Kolumbien ist schlie\u00dflich die Hauptstadt des Kaffees, also ein Applaus f\u00fcr Kenia!<\/p>\n<p>Obwohl er vielleicht voreingenommen ist, f\u00fcgt Haron Folgendes hinzu: \u201eKenyan-Kaffee gilt als einer der besten Kaffees der Welt\u201c, und diese Aussage ist so wahr, dass selbst die meisten kenianischen Einheimischen es nicht trinken, weil es so hoch gesch\u00e4tzt wird und sehr geringe Mengen im Inland verkauft werden.<\/p>\n<h5><br><\/h5><h5>11. Die gro\u00dfe Gnuwanderung hat weder Anfangs- noch Endpunkt&nbsp;<\/h5>\n<p>Viele denken, dass die gro\u00dfe Migration nur einmal im Jahr stattfindet, aber dieses nat\u00fcrliche Ph\u00e4nomen tritt ganzj\u00e4hrig als Zyklus auf, was bedeutet, dass es technisch nirgendwo \u201ebeginnt\u201c oder \u201eendet\u201c bedeutet. Dies ist eine der interessantesten Tatsachen \u00fcber Kenia. Gnus, Zebras und Antilopen wandern im Uhrzeigersinn zwischen Kenia und Tansania, und das Masai Mara-Naturreservat in Kenia ist einer der besten Orte, um eines der gr\u00f6\u00dften Schauspiele der Erde zu erleben.<\/p>\n<p>Da die Tiere st\u00e4ndig in Bewegung sind, empfehlen wir Ihnen in einigen Monaten des Jahres eine Reise nach Kenia.&nbsp;<a href=\"https:\/\/www.contiki.com\/six-two\/article\/best-time-for-safari\/\">So haben Sie die beste Gelegenheit, diese ber\u00fchmte Migration selbst zu sehen<\/a>&nbsp;Der Juli und die umliegenden Monate markieren den H\u00f6hepunkt&nbsp;<a href=\"https:\/\/www.contiki.com\/en-us\/destinations\/africa-the-middle-east\/kenya\">also buchen Sie Ihre Reise nach Kenia dann.<\/a>&nbsp;then.<\/p>\n<h5><br><\/h5><h5>12. Die Menschheit beginnt in Kenia<\/h5>\n<p>\"Ostafrika, einschlie\u00dflich Kenia, ist eine der fr\u00fchesten Regionen, in denen der moderne Mensch (Homo sapiens) gelebt haben soll. Im Jahr 2018 wurden Nachweise aus der Zeit vor 320.000 Jahren gefunden, die auf die Entstehung moderner Verhaltensweisen, einschlie\u00dflich der Verwendung von Pigmenten und der Herstellung von Projektilspitzen hindeuten.\"<\/p>\n<p>Viele afrikanische L\u00e4nder gelten als Geburtsorte der Menschheit, da \u00fcberall auf dem Kontinent menschliche \u00dcberreste und Zeugnisse menschlichen Lebens zu finden sind. Es ist also erstaunlich, dass Kenia sich selbst zu diesen L\u00e4ndern z\u00e4hlen kann, und wir sind sicher, dass diese Tatsache Geschichts- und Anthropologieliebhaber auf der ganzen Welt dazu verleiten wird, Kenia einen Besuch abzustatten.<\/p>\n<\/div>\n<\/div>\t\t\t\t\t\t<\/div>\n\t\t\t\t<\/div>\n\t\t\t\t\t<\/div>\n\t\t\t\t<\/div>\n\t\t\t\t<\/div>","protected":false},"excerpt":{"rendered":"<p>Considering how absolutely incredible&nbsp;Kenya&nbsp;is, it doesn\u2019t get talked about nearly enough! This diverse country in&nbsp;East Africa&nbsp;is home to all five of the Big 5, dramatic landscapes that transform as you move through the country, and vibrant sites such as the Great Rift Valley and the sweeping plains of the Amboseli National Park.&nbsp; Coastlines, cities, and [&hellip;]<\/p>","protected":false},"author":2,"featured_media":0,"parent":0,"menu_order":0,"comment_status":"closed","ping_status":"closed","template":"","meta":{"footnotes":""},"class_list":["post-1325","page","type-page","status-publish","hentry"],"_links":{"self":[{"href":"https:\/\/weber-watamu.com\/de\/wp-json\/wp\/v2\/pages\/1325","targetHints":{"allow":["GET"]}}],"collection":[{"href":"https:\/\/weber-watamu.com\/de\/wp-json\/wp\/v2\/pages"}],"about":[{"href":"https:\/\/weber-watamu.com\/de\/wp-json\/wp\/v2\/types\/page"}],"author":[{"embeddable":true,"href":"https:\/\/weber-watamu.com\/de\/wp-json\/wp\/v2\/users\/2"}],"replies":[{"embeddable":true,"href":"https:\/\/weber-watamu.com\/de\/wp-json\/wp\/v2\/comments?post=1325"}],"version-history":[{"count":0,"href":"https:\/\/weber-watamu.com\/de\/wp-json\/wp\/v2\/pages\/1325\/revisions"}],"wp:attachment":[{"href":"https:\/\/weber-watamu.com\/de\/wp-json\/wp\/v2\/media?parent=1325"}],"curies":[{"name":"wp","href":"https:\/\/api.w.org\/{rel}","templated":true}]}}