{"id":1089,"date":"2024-04-15T17:06:34","date_gmt":"2024-04-15T15:06:34","guid":{"rendered":"https:\/\/weber-watamu.com\/?page_id=1089"},"modified":"2024-06-25T21:21:19","modified_gmt":"2024-06-25T19:21:19","slug":"about-watamu","status":"publish","type":"page","link":"https:\/\/weber-watamu.com\/de\/about-watamu\/","title":{"rendered":"\u00dcber Watamu"},"content":{"rendered":"<p>Watamu ist ein wundersch\u00f6nes und friedliches Dorf an der K\u00fcste Kenias, eingebettet zwischen unber\u00fchrten Str\u00e4nden und \u00fcppigem Tropenwald. Seit der ersten Besiedlung als abgelegener Swahili-Au\u00dfenposten in Gedi ist dieses Gebiet eine Oase des Friedens und der Ruhe geblieben und z\u00e4hlt immer noch zu den am wenigsten erschlossenen und naturbelassensten Gebieten der K\u00fcste.  Watamu ist bekannt f\u00fcr seine einzigartige, entspannte und entspannte Lebensart und hei\u00dft Besucher willkommen, die sich entspannen, erkunden und die Wunder genie\u00dfen m\u00f6chten, die die Stadt zu bieten hat.<\/p>\n\n\n\n<p>Ob Familienurlaub, romantischer Kurzurlaub oder wildes K\u00fcstenabenteuer \u2013 Sie werden die Wunder von Watamu nie vergessen.<\/p>\n\n\n\n<p>Watamu hat eine einzigartige Geschichte. Dies ist der Ort in Kenia mit einer \u00fcberwiegend italienischen Bev\u00f6lkerung. Es wird auch Little Italy genannt. Sie sind noch nicht lange hier; Wir sprechen von einer zweiten und dritten Generation. Es kursieren viele, teils widerspr\u00fcchliche Geschichten dar\u00fcber, wie sie hierher gelangten. Die spannendste Geschichte handelt von der sizilianischen Mafia. Sie sollen sich hier niedergelassen haben, um in der florierenden Gastronomie Schwarzgeld zu waschen. Sie w\u00fcrden sich gerne unter den bereits lebenden italienischen Bewohnern verstecken, die nach dem Zweiten Weltkrieg hier geblieben sind. Diese ersten Italiener k\u00e4mpften an der Seite der Deutschen gegen die Briten und verloren \u00fcbrigens \u2026<\/p>\n\n\n\n<figure class=\"wp-block-image size-large is-resized\"><img fetchpriority=\"high\" decoding=\"async\" width=\"1024\" height=\"680\" src=\"https:\/\/weber-watamu.com\/wp-content\/uploads\/2024\/04\/12-1024x680.jpg\" alt=\"\" class=\"wp-image-1096\" style=\"width:699px;height:auto\" srcset=\"https:\/\/weber-watamu.com\/wp-content\/uploads\/2024\/04\/12-1024x680.jpg 1024w, https:\/\/weber-watamu.com\/wp-content\/uploads\/2024\/04\/12-300x199.jpg 300w, https:\/\/weber-watamu.com\/wp-content\/uploads\/2024\/04\/12-768x510.jpg 768w, https:\/\/weber-watamu.com\/wp-content\/uploads\/2024\/04\/12-18x12.jpg 18w, https:\/\/weber-watamu.com\/wp-content\/uploads\/2024\/04\/12.jpg 1200w\" sizes=\"(max-width: 1024px) 100vw, 1024px\" \/><\/figure>\n\n\n\n<p>Das erste Hotel, das in Watamu gebaut wurde, war das Ocean Sports, das als Bar am Strand von Turtle Bay begann (derselbe Ort, an dem sich die Teile der ersten irischen Familie nach dem Wrack befanden) und von Ian Pritchard erbaut wurde, der dort landete 1951. Die Bar wurde sp\u00e4ter zu einem Hotel ausgebaut und war das erste Zentrum f\u00fcr Wassersport.<br>Das zweite Hotelzimmer war das Watamu Beach-Geb\u00e4ude mit Blick auf die Watamu Bay.<br>Aus der Kombination dieser Gemeinschaften mit ihren unterschiedlichen Kulturen und wirtschaftlichen Aktivit\u00e4ten entstand Watamu, das auch heute noch ein beliebtes Urlaubsziel und ein Meeresgebiet voller Artenvielfalt ist. Dieses Gebiet wird vom Kenya Wildlife Service unterst\u00fctzt, der 1968 den Watamu National Marine Park and Reserve gr\u00fcndete, der sich \u00fcber 42 Quadratkilometer entlang der K\u00fcste erstreckt und dem Naturschutzgebiet rechtlichen Schutz bietet.<br>1979 wurde es in Watamu st\u00e4rker international gesch\u00fctzt, als es zum Menschen- und Biosph\u00e4renreservat der Vereinten Nationen (UNMBR) erkl\u00e4rt wurde.<br>Watamu ist heute eine kosmopolitische Gesellschaft mit einer Bev\u00f6lkerung von 2.000 Einwohnern und ist auf 16 Hotels und Resorts von zwei bis f\u00fcnf Sternen, zahlreiche Hotels und Privatvillen angewachsen und wurde 2012 von CNN Travel zum zweitbesten Strandsand Afrikas gew\u00e4hlt.<\/p>\n\n\n\n<p>Watamu wurde von arabischen Kaufleuten bewohnt, die im fr\u00fchen 18. Jahrhundert einen Gro\u00dfteil der K\u00fcste Kenias eroberten. Arch\u00e4ologischen Funden zufolge soll Watamu bereits seit dem 13. Jahrhundert besiedelt gewesen sein. Schreine und heilige St\u00e4tten, heute Ruinen, sind beliebte Attraktionen.<\/p>\n\n\n\n<p>Kuriosit\u00e4t: 2007 wurde in Watamu die gr\u00f6\u00dfte Speikobra-Art der Welt (Naja ashei) entdeckt, eine Schlange aus der Familie der Elapidi, auch Riesenspeikobra genannt. Das Gift dieser Art ist in seiner Zusammensetzung (Neurotoxine und Zytotoxine) dem anderer Speikobras sehr \u00e4hnlich, einschlie\u00dflich der Schwarzhals-Speikobra (Naja nigricollis) und der Roten Speikobra (Naja pallida), die beide in denselben Gebieten vorkommen. Diese Art ist jedoch in der Lage, mit einem einzigen Biss eine viel gr\u00f6\u00dfere Menge Gift zu injizieren als die andere. Der spezifische Beiname dieser Art ist eine Hommage an den verstorbenen James Ashe, der die Schlangenfarm Watamu gr\u00fcndete und einer der ersten Experten war, der darauf hinwies, dass es sich bei der Naja Ashei um eine neue Art handelte.<\/p>","protected":false},"excerpt":{"rendered":"<p>Watamu is a beautiful and peaceful village on the Kenya Coast, nestled between pristine beaches and lush tropical forest. Since it was first settled as a remote Swahili outpost at Gedi, this area has remained a haven of peace and tranquility and is still one of the coast&#8217;s most undeveloped and natural areas.&nbsp; Known for [&hellip;]<\/p>","protected":false},"author":2,"featured_media":0,"parent":0,"menu_order":0,"comment_status":"closed","ping_status":"closed","template":"","meta":{"footnotes":""},"class_list":["post-1089","page","type-page","status-publish","hentry"],"_links":{"self":[{"href":"https:\/\/weber-watamu.com\/de\/wp-json\/wp\/v2\/pages\/1089","targetHints":{"allow":["GET"]}}],"collection":[{"href":"https:\/\/weber-watamu.com\/de\/wp-json\/wp\/v2\/pages"}],"about":[{"href":"https:\/\/weber-watamu.com\/de\/wp-json\/wp\/v2\/types\/page"}],"author":[{"embeddable":true,"href":"https:\/\/weber-watamu.com\/de\/wp-json\/wp\/v2\/users\/2"}],"replies":[{"embeddable":true,"href":"https:\/\/weber-watamu.com\/de\/wp-json\/wp\/v2\/comments?post=1089"}],"version-history":[{"count":0,"href":"https:\/\/weber-watamu.com\/de\/wp-json\/wp\/v2\/pages\/1089\/revisions"}],"wp:attachment":[{"href":"https:\/\/weber-watamu.com\/de\/wp-json\/wp\/v2\/media?parent=1089"}],"curies":[{"name":"wp","href":"https:\/\/api.w.org\/{rel}","templated":true}]}}