{"id":1325,"date":"2024-06-01T10:30:44","date_gmt":"2024-06-01T08:30:44","guid":{"rendered":"https:\/\/weber-watamu.com\/?page_id=1325"},"modified":"2024-06-25T19:53:43","modified_gmt":"2024-06-25T17:53:43","slug":"about-kenya","status":"publish","type":"page","link":"https:\/\/weber-watamu.com\/cs\/about-kenya\/","title":{"rendered":"O Keni"},"content":{"rendered":"<div data-elementor-type=\"wp-page\" data-elementor-id=\"1325\" class=\"elementor elementor-1325\" data-elementor-post-type=\"page\">\n\t\t\t\t<div class=\"elementor-element elementor-element-5045de6 e-flex e-con-boxed e-con e-parent\" data-id=\"5045de6\" data-element_type=\"container\">\n\t\t\t\t\t<div class=\"e-con-inner\">\n\t\t\t\t<div class=\"elementor-element elementor-element-ec9bfd0 elementor-widget elementor-widget-text-editor\" data-id=\"ec9bfd0\" data-element_type=\"widget\" data-widget_type=\"text-editor.default\">\n\t\t\t\t<div class=\"elementor-widget-container\">\n\t\t\t\t\t\t\t<p>I kdy\u017e je&nbsp;<a href=\"https:\/\/www.contiki.com\/en-us\/destinations\/africa-the-middle-east\/kenya\">Ke\u0148a<\/a>&nbsp;neuv\u011b\u0159iteln\u00e1, dost se o n\u00ed nemluv\u00ed! Tato rozmanit\u00e1 zem\u011b ve&nbsp;<a href=\"https:\/\/www.contiki.com\/en-au\/tours\/east-africa-safari\">v\u00fdchodn\u00ed Africe<\/a>&nbsp;je domovem v\u0161ech p\u011bti z velk\u00e9 p\u011btky, dramatick\u00e9 krajiny, kter\u00e1 se m\u011bn\u00ed, jak se pohybujete zem\u00ed, a pulzuj\u00edc\u00edch m\u00edst, jako je Great Rift Valley a rozlehl\u00e9 pl\u00e1n\u011b n\u00e1rodn\u00edho parku Amboseli.&nbsp;<\/p>\n<p>\u010clenit\u00e9 a divok\u00e9 pob\u0159e\u017e\u00ed, m\u011bsta a safari parky tvo\u0159\u00ed Ke\u0148u, stejn\u011b jako mnoho dal\u0161\u00edch jedine\u010dn\u00fdch fakt\u016f, kter\u00e9 mo\u017en\u00e1 nev\u00edte!<\/p>\n<p>A\u0165 u\u017e jste cel\u00fd \u017eivot \u010dekali na n\u00e1v\u0161t\u011bvu Masai Mara nebo jste jen posedl\u00ed vst\u0159eb\u00e1v\u00e1n\u00edm n\u00e1hodn\u00fdch v\u011bdomost\u00ed, zde je 12 zaj\u00edmav\u00fdch fakt\u016f o Keni, kter\u00e9 si m\u016f\u017eete p\u0159idat do sv\u00e9 pam\u011b\u0165ov\u00e9 banky.<\/p>\n<p><\/p>\n<ul>\n<li>N\u00e1zev: Ke\u0148sk\u00e1 republika<\/li>\n<li>Star\u00fd n\u00e1zev: Britsk\u00e1 Ke\u0148a<\/li>\n<li>Jazyk: angli\u010dtina a svahil\u0161tina<\/li>\n<li>Populace: p\u0159ibli\u017en\u011b 54 milion\u016f lid\u00ed<\/li>\n<li>Hlavn\u00ed m\u011bsto: Nairobi<\/li>\n<li>M\u011bna: ke\u0148sk\u00fd \u0161ilink<\/li>\n<li>St\u00e1tn\u00ed sv\u00e1tek: Den D\u017eamhuri \u2013 12. prosince (Den nez\u00e1vislosti)<\/li>\n<li>Zn\u00e1m\u00fd pro: Je to nejlep\u0161\u00ed safari destinace na sv\u011bt\u011b!<\/li>\n<\/ul>\n<div>&nbsp;<\/div>\n<div>&nbsp;<\/div>\n<div>\n<h5>1. Ke\u0148a m\u00e1 50 n\u00e1rodn\u00edch park\u016f a rezervac\u00ed<\/h5>\n<p>Pravd\u011bpodobn\u011b jste u\u017e sly\u0161eli o n\u00e1rodn\u00edm parku Masai Mara a n\u00e1rodn\u00edm parku Amboseli. Ob\u011b jsou obl\u00edben\u00fdmi safari destinacemi a Amboseli nab\u00edz\u00ed nep\u0159ekonateln\u00e9 v\u00fdhledy na horu Kilimand\u017e\u00e1ro v Tanzanii.<\/p>\n<p>V\u011bd\u011bli jste ale, \u017ee v Keni je celkem 50 n\u00e1rodn\u00edch park\u016f a rezervac\u00ed? Je to tak, 23 n\u00e1rodn\u00edch park\u016f a 28 n\u00e1rodn\u00edch rezervac\u00ed spravuje a udr\u017euje Kenya Wildlife Service, aby zajistila, \u017ee p\u016fvodn\u00ed divok\u00e1 zv\u011b\u0159 t\u00e9to zem\u011b bude chr\u00e1n\u011bna p\u0159ed lovci a pytl\u00e1ky.<\/p>\n<p>Krom\u011b 23 n\u00e1rodn\u00edch park\u016f a 28 n\u00e1rodn\u00edch rezervac\u00ed je Ke\u0148a tak\u00e9 domovem \u201e4 chr\u00e1n\u011bn\u00fdch oblast\u00ed, 4 mo\u0159sk\u00fdch park\u016f a 6 mo\u0159sk\u00fdch rezervac\u00ed\u201c. To je spousta chr\u00e1n\u011bn\u00fdch divok\u00fdch zv\u00ed\u0159at \u2013 a jak\u00e1 kr\u00e1sn\u00e1 v\u011bc!<\/p>\n<p><\/p>\n<h4>2. Velk\u00e1 p\u0159\u00edkopov\u00e1 propadlina vznikla p\u0159ed v\u00edce ne\u017e 25 miliony let<\/h4>\n<p>To je pravd\u011bpodobn\u011b jeden z nejzaj\u00edmav\u011bj\u0161\u00edch fakt\u016f o Keni. Ke\u0148ou od severu k jihu proch\u00e1z\u00ed Velk\u00e1 p\u0159\u00edkopov\u00e1 propadlina, zn\u00e1m\u00e1 tak\u00e9 jako V\u00fdchodoafrick\u00e1 trhlina.  Vznikla p\u0159ed v\u00edce ne\u017e 25 miliony let geologick\u00fdm nap\u011bt\u00edm v zemsk\u00e9 k\u016f\u0159e a je asi 6500 kilometr\u016f dlouh\u00e1 a 60 kilometr\u016f \u0161irok\u00e1. \u0160irok\u00e9 \u00fadol\u00ed umo\u017enilo vznik mnoha jezer a vytvo\u0159ilo jedine\u010dn\u00e1 stanovi\u0161t\u011b pro divokou zv\u011b\u0159 v zemi.<\/p><p><br><\/p>\n<h5>3. V Keni se mluv\u00ed v\u00edce ne\u017e 43 jazyky a dialekty.<\/h5>\n<p>Jak m\u016f\u017eete vid\u011bt v\u00fd\u0161e, v Keni se mluv\u00ed dv\u011bma jazyky: anglicky a svahilsky. \"\u00da\u0159edn\u00edm jazykem je angli\u010dtina,\" informuje Haron, \"zat\u00edmco n\u00e1rodn\u00edm jazykem je svahil\u0161tina, kterou se b\u011b\u017en\u011b mluv\u00ed po cel\u00e9 zemi.\"<\/p>\n<p>\u201eNej\u010dast\u011bji sly\u0161\u00edte tyto v\u00fdrazy: 'Jambo', co\u017e znamen\u00e1 ahoj, nebo 'Habari', co\u017e tak\u00e9 znamen\u00e1 ahoj, ale pou\u017e\u00edv\u00e1 se hlavn\u011b k pozdravu p\u0159\u00e1tel nebo p\u0159\u00edbuzn\u00fdch.\u201c Pokud se p\u0159ipoj\u00edte k v\u00fdletu Contiki's<a href=\"https:\/\/www.contiki.com\/en-au\/tours\/kenyan-highlights\">&nbsp;Kenya Highlights<\/a>&nbsp;vyzkou\u0161ejte je s m\u00edstn\u00edmi obyvateli !<\/p>\n<p>Krom\u011b angli\u010dtiny a svahil\u0161tiny se v Keni mluv\u00ed v\u00edce ne\u017e 43 jazyky a dialekty, kter\u00e9 jsou rozd\u011bleny do t\u0159\u00ed kategori\u00ed. \"Prvn\u00ed kategori\u00ed je bantu\u0161tina, kterou mluv\u00ed 65 % populace, nilot\u0161tina (tak\u00e9 naz\u00fdvan\u00e1 paranilotsk\u00e1), kterou mluv\u00ed 31 % populace, a ku\u0161it\u0161tina, kterou mluv\u00ed pouze 4 % populace.\"<\/p><p><br><\/p>\n<h5>4. Ke\u0148a je domovem n\u011bkter\u00fdch z nejlep\u0161\u00edch b\u011b\u017ec\u016f na dlouh\u00e9 trat\u011b na sv\u011bt\u011b&nbsp;<\/h5>\n<p>Mus\u00ed to m\u00edt n\u011bco spole\u010dn\u00e9ho s vodou v Keni! Zejm\u00e9na obyvatel\u00e9 Kalenjinu vychovali mnoho sportovc\u016f a b\u011b\u017ec\u016f na dlouh\u00e9 trat\u011b, kte\u0159\u00ed l\u00e1mali sv\u011btov\u00e9 rekordy a jsou zn\u00e1m\u00ed t\u00edm, \u017ee dominuj\u00ed maratonsk\u00fdm z\u00e1vod\u016fm po cel\u00e9m sv\u011bt\u011b.<\/p>\n<p>Mo\u017en\u00e1 tak\u00e9 nev\u00edte, \u017ee Great Rift Valley je ve skute\u010dnosti h\u0159i\u0161t\u011bm (a tr\u00e9ninkov\u00fdm h\u0159i\u0161t\u011bm) pro mnoho z t\u011bchto b\u011b\u017ec\u016f! \u201eKe\u0148a je domovem n\u011bkter\u00fdch z nejlep\u0161\u00edch sv\u011btov\u00fdch b\u011b\u017ec\u016f na dlouh\u00e9 trat\u011b,\u201c \u0159\u00edk\u00e1 Haron. \"P\u0159ich\u00e1zej\u00ed do t\u00e9to oblasti tr\u00e9novat, proto\u017ee vysok\u00e1 nadmo\u0159sk\u00e1 v\u00fd\u0161ka a \u010dlenit\u00fd ter\u00e9n poskytuj\u00ed tvrd\u00e9 cvi\u010di\u0161t\u011b, kter\u00e9 v\u00fdrazn\u011b zlep\u0161uje jejich dovednosti.\"<\/p>\n<h5><br><\/h5><h5>5. Ke\u0148a je domovem n\u011bkolika kr\u00e1sn\u00fdch n\u00e1rodn\u00edch druh\u016f!&nbsp;<\/h5>\n<p>Jak mo\u017en\u00e1 v\u00edte, nebo mo\u017en\u00e1 ne, ka\u017ed\u00e1 zem\u011b m\u00e1 sv\u00e9 n\u00e1rodn\u00ed zv\u00ed\u0159e, pt\u00e1ky a kv\u011btiny, a ke\u0148sk\u00e9 volby jsou naprost\u00fdm hitem.<\/p>\n<p>Ke\u0148sk\u00fdm n\u00e1rodn\u00edm zv\u00ed\u0159etem je lev v\u00fdchodoafrick\u00fd, druh pova\u017eovan\u00fd<a href=\"https:\/\/www.iucn.org\/resources\/conservation-tools\/iucn-red-list-threatened-species\">&nbsp;Mezin\u00e1rodn\u00ed uni\u00ed pro ochranu p\u0159\u00edrody za ohro\u017een\u00fd<\/a>Africk\u00fd lev je jedn\u00edm z \u201evelk\u00fdch 5\u201c a je jedn\u00edm z nejv\u011bt\u0161\u00edch divok\u00fdch zv\u00ed\u0159at Afriky vedle dal\u0161\u00edch n\u00e1dhern\u00fdch africk\u00fdch zv\u00ed\u0159at, jako je africk\u00fd leopard, slon africk\u00fd, buvol kapsk\u00fd a nosoro\u017eec.  Mo\u017en\u00e1 budete m\u00edt to \u0161t\u011bst\u00ed, \u017ee je zahl\u00e9dnete na&nbsp;<a href=\"https:\/\/www.contiki.com\/en-us\/travel-styles\/african-safari-trips\">safari s Contiki!<\/a>!<\/p>\n<p>Ke\u0148sk\u00fdm n\u00e1rodn\u00edm pt\u00e1kem je v\u00e1le\u010dek, kter\u00fd je mo\u017en\u00e1 m\u00e9n\u011b zn\u00e1m\u00fdm druhem ne\u017e kr\u00e1lovsk\u00fd lev, ale zaslou\u017e\u00ed si sv\u00e9 vlastn\u00ed m\u00edsto. Se vzorem z\u00e1\u0159iv\u00fdch fialov\u00fdch a modr\u00fdch odst\u00edn\u016f se tento pt\u00e1k m\u016f\u017ee pochlubit oslniv\u00fdm a fascinuj\u00edc\u00edm rozp\u011bt\u00edm k\u0159\u00eddel. Pokud budete m\u00edt to \u0161t\u011bst\u00ed, \u017ee n\u011bjakou uvid\u00edte ve voln\u00e9 p\u0159\u00edrod\u011b, nikdy na to nezapomenete.<\/p>\n<p>A kone\u010dn\u011b, n\u00e1rodn\u00ed kv\u011btinou Keni je popul\u00e1rn\u00ed a kr\u00e1lovsk\u00e1 orchidej. \u017d\u00e1dn\u00fd&nbsp;<a href=\"https:\/\/www.contiki.com\/en-us\/destinations\/africa-the-middle-east\/kenya\">Keni zarezervujte ji\u017e tehdy.<\/a>&nbsp;nen\u00ed \u00fapln\u00fd, ani\u017e byste na vlastn\u00ed k\u016f\u017ei neza\u017eili \u0161irokou \u0161k\u00e1lu orchidej\u00ed.<\/p>\n<h5><br><\/h5><h5>6. Prvn\u00ed \u010derno\u0161ka, \u200b\u200bkter\u00e1 z\u00edskala Nobelovu cenu za m\u00edr, poch\u00e1z\u00ed z Keni<\/h5>\n<p>Pamatujte si jm\u00e9no: Wangari Muta Maathai. Tato inspirativn\u00ed \u017eena byla ke\u0148skou ekologickou, soci\u00e1ln\u00ed a politickou aktivistkou, kter\u00e1 v roce 2004 z\u00edskala Nobelovu cenu za m\u00edr za sv\u016fj p\u0159\u00ednos k udr\u017eiteln\u00e9mu rozvoji, demokracii a m\u00edru. \"Byla zakladatelkou hnut\u00ed Green Belt Movement, kter\u00e9 umo\u017enilo vysadit v\u00edce ne\u017e 51 milion\u016f strom\u016f v Keni.\"<\/p>\n<p>Nobelovu cenu za m\u00edr z\u00edskalo celkem 18 \u017een a Wangari Muta Maathai je jednou z pouh\u00fdch \u010dty\u0159 \u010derno\u0161ek, kter\u00e9 kdy z\u00edskaly Nobelovu cenu.<\/p>\n<h5><br><\/h5><h5>7. Jezero Turkana je nejv\u011bt\u0161\u00ed pou\u0161tn\u00ed jezero na sv\u011bt\u011b<\/h5>\n<p>Jezero Turkana je zn\u00e1m\u00e9 po cel\u00e9m sv\u011bt\u011b jako nejv\u011bt\u0161\u00ed pou\u0161tn\u00ed jezero na sv\u011bt\u011b a tak\u00e9 nejv\u011bt\u0161\u00ed jezero v Keni. Nach\u00e1z\u00ed se na severu Velk\u00e9 p\u0159\u00edkopov\u00e9 propadliny a je na seznamu sv\u011btov\u00e9ho d\u011bdictv\u00ed UNESCO jako sou\u010d\u00e1st t\u0159\u00ed n\u00e1rodn\u00edch park\u016f jezera Turkana \u2013 n\u00e1rodn\u00edho parku Sibiloi, n\u00e1rodn\u00edho parku Central Island a n\u00e1rodn\u00edho parku South Island.<\/p>\n<p>Mo\u017en\u00e1 si \u0159\u00edk\u00e1te: \u201eP\u00e1ni, to je spousta n\u00e1rodn\u00edch park\u016f na jedno jezero,\u201c a ano, to je pravda, ale jezero Turkana m\u00e1 v\u00edce ne\u017e 6 000 kilometr\u016f \u010dtvere\u010dn\u00edch, tak\u017ee je to docela velk\u00e9 jezero! \u010c\u00edm v\u00edce \u00fahl\u016f pohledu, t\u00edm l\u00e9pe.<\/p>\n<div>&nbsp;<\/div>\n<div>\n<h5>8. Ke\u0148a je sv\u011btov\u00fdm l\u00eddrem ve v\u00fdvozu \u0159ezan\u00fdch kv\u011btin<\/h5>\n<p>Byli jste na Valent\u00fdna p\u0159isti\u017eeni p\u0159i \u010dinu, kdy\u017e jste se sna\u017eili urvat posledn\u00ed kytici kv\u011btin, kterou jste mohli zachr\u00e1nit, proto\u017ee jste zapomn\u011bli? Ne v Keni! Zem\u011b je jedn\u00edm z p\u011bti nejv\u011bt\u0161\u00edch export\u00e9r\u016f \u0159ezan\u00fdch kv\u011btin \u2013 p\u0159edev\u0161\u00edm r\u016f\u017e\u00ed a karafi\u00e1t\u016f; kr\u00e1sn\u00e9 sv\u011btl\u00e9 a slo\u017eit\u00e9 kv\u011btiny. Ve skute\u010dnosti je tento export tak velk\u00fd, \u017ee v roce 2022 vygenerovala Ke\u0148a jen z tohoto odv\u011btv\u00ed 1,1 miliardy dolar\u016f.<\/p>\n<h5><br><\/h5><h5>9. Ke\u0148a je p\u0159edn\u00ed sv\u011btovou destinac\u00ed safari<\/h5>\n<p>Ke\u0148a je domovem n\u00e1rodn\u00ed rezervace Masai Mara a p\u0159\u00edmo soused\u00ed s parkem Serengeti v Tanzanii. Nen\u00ed tedy divu, \u017ee tato zem\u011b pat\u0159\u00ed mezi nejobl\u00edben\u011bj\u0161\u00ed safari destinace na sv\u011bt\u011b. Ve skute\u010dnosti je tento titul tak nesporn\u00fd, \u017ee Ke\u0148a byla jako takov\u00e1 ofici\u00e1ln\u011b uzn\u00e1na na World Travel Awards v roce 2015 a od t\u00e9 doby si tento titul dr\u017e\u00ed.<\/p>\n<h5><br><\/h5><h5>10. K\u00e1va je nejcenn\u011bj\u0161\u00edm v\u00fdvozn\u00edm artiklem zem\u011b<\/h5>\n<p>V b\u0159eznu 2021 Ke\u0148a vyvezla k\u00e1vu v hodnot\u011b p\u0159ibli\u017en\u011b 4,56 miliardy ke\u0148sk\u00fdch \u0161ilink\u016f, co\u017e odpov\u00edd\u00e1 v\u00edce ne\u017e 40,2 milionu USD. To je OBROVSK\u00c9, a i kdy\u017e to nen\u00ed tak velk\u00e9 jako kolumbijsk\u00fd export (3,9 miliardy dolar\u016f), je to po\u0159\u00e1dn\u00e9 mno\u017estv\u00ed k\u00e1vy \u2013 pravd\u011bpodobn\u011b nejm\u00e9n\u011b 100 \u0161\u00e1lk\u016f!  A koneckonc\u016f, Kolumbie je hlavn\u00ed m\u011bsto k\u00e1vy, tak\u017ee potlesk pro Ke\u0148u!<\/p>\n<p>A\u010dkoli m\u016f\u017ee b\u00fdt zaujat\u00fd, Haron dod\u00e1v\u00e1 toto: \u201eKe\u0148sk\u00e1 k\u00e1va je pova\u017eov\u00e1na za jednu z nejlep\u0161\u00edch k\u00e1v na sv\u011bt\u011b,\u201c a toto tvrzen\u00ed je tak pravdiv\u00e9, \u017ee ji ani v\u011bt\u0161ina m\u00edstn\u00edch obyvatel Keni nepije, proto\u017ee je tak vysoce cen\u011bn\u00e1 a velmi mal\u00e1. mno\u017estv\u00ed se prod\u00e1vaj\u00ed na dom\u00e1c\u00edm trhu.<\/p>\n<h5><br><\/h5><h5>11. Velk\u00e1 migrace pako\u0148\u016f nem\u00e1 za\u010d\u00e1tek ani konec&nbsp;<\/h5>\n<p>Mnoz\u00ed si mysl\u00ed, \u017ee Velk\u00e1 migrace nast\u00e1v\u00e1 pouze jednou za rok, ale tento p\u0159\u00edrodn\u00ed jev se vyskytuje celoro\u010dn\u011b jako cyklus, co\u017e znamen\u00e1, \u017ee technicky nikde \u201eneza\u010d\u00edn\u00e1\u201c ani \u201enekon\u010d\u00ed\u201c. To je jeden z nejzaj\u00edmav\u011bj\u0161\u00edch fakt\u016f o Keni. Pakon\u011b, zebry a antilopy migruj\u00ed ve sm\u011bru hodinov\u00fdch ru\u010di\u010dek mezi Ke\u0148ou a Tanzani\u00ed a p\u0159\u00edrodn\u00ed rezervace Masai Mara v Keni je jedn\u00edm z nejlep\u0161\u00edch m\u00edst, kde m\u016f\u017eete b\u00fdt sv\u011bdky jedn\u00e9 z nejv\u011bt\u0161\u00edch pod\u00edvan\u00fdch na zemi.<\/p>\n<p>Jeliko\u017e jsou zv\u00ed\u0159ata neust\u00e1le v pohybu, doporu\u010dujeme v\u00fdlet do Keni za p\u00e1r m\u011bs\u00edc\u016f v roce. To v\u00e1m d\u00e1v\u00e1 nejlep\u0161\u00ed p\u0159\u00edle\u017eitost vid\u011bt tuto&nbsp;<a href=\"https:\/\/www.contiki.com\/six-two\/article\/best-time-for-safari\/\">slavnou migraci na vlastn\u00ed o\u010di.<\/a>&nbsp;\u010cervenec a okoln\u00ed m\u011bs\u00edce znamenaj\u00ed vrchol, tak\u017ee si cestu do&nbsp;<a href=\"https:\/\/www.contiki.com\/en-us\/destinations\/africa-the-middle-east\/kenya\">Keni zarezervujte ji\u017e tehdy.<\/a>&nbsp;then.<\/p>\n<h5><br><\/h5><h5>12. Lidstvo za\u010d\u00edn\u00e1 v Keni<\/h5>\n<p>\"V\u00fdchodn\u00ed Afrika, v\u010detn\u011b Keni, je jednou z prvn\u00edch oblast\u00ed, kde se p\u0159edpokl\u00e1d\u00e1, \u017ee \u017eili modern\u00ed lid\u00e9 (Homo sapiens). V roce 2018 byly nalezeny d\u016fkazy star\u00e9 320 000 let, kter\u00e9 poukazuj\u00ed na vznik modern\u00edho chov\u00e1n\u00ed, v\u010detn\u011b pou\u017e\u00edv\u00e1n\u00ed pigmenty a v\u00fdroba st\u0159eln\u00fdch bod\u016f.\"<\/p>\n<p>Mnoho africk\u00fdch zem\u00ed je pova\u017eov\u00e1no za rodi\u0161t\u011b lidstva, proto\u017ee lidsk\u00e9 poz\u016fstatky a d\u016fkazy lidsk\u00e9ho \u017eivota lze nal\u00e9zt po cel\u00e9m kontinentu. Je tedy \u00fa\u017easn\u00e9, \u017ee se Ke\u0148a mezi tyto zem\u011b m\u016f\u017ee po\u010d\u00edtat a jsme si jisti, \u017ee tato skute\u010dnost p\u0159il\u00e1k\u00e1 milovn\u00edky historie a antropologie po cel\u00e9m sv\u011bt\u011b k n\u00e1v\u0161t\u011bv\u011b Keni.<\/p>\n<\/div>\n<\/div>\t\t\t\t\t\t<\/div>\n\t\t\t\t<\/div>\n\t\t\t\t\t<\/div>\n\t\t\t\t<\/div>\n\t\t\t\t<\/div>","protected":false},"excerpt":{"rendered":"<p>Considering how absolutely incredible&nbsp;Kenya&nbsp;is, it doesn\u2019t get talked about nearly enough! This diverse country in&nbsp;East Africa&nbsp;is home to all five of the Big 5, dramatic landscapes that transform as you move through the country, and vibrant sites such as the Great Rift Valley and the sweeping plains of the Amboseli National Park.&nbsp; Coastlines, cities, and [&hellip;]<\/p>","protected":false},"author":2,"featured_media":0,"parent":0,"menu_order":0,"comment_status":"closed","ping_status":"closed","template":"","meta":{"footnotes":""},"class_list":["post-1325","page","type-page","status-publish","hentry"],"_links":{"self":[{"href":"https:\/\/weber-watamu.com\/cs\/wp-json\/wp\/v2\/pages\/1325","targetHints":{"allow":["GET"]}}],"collection":[{"href":"https:\/\/weber-watamu.com\/cs\/wp-json\/wp\/v2\/pages"}],"about":[{"href":"https:\/\/weber-watamu.com\/cs\/wp-json\/wp\/v2\/types\/page"}],"author":[{"embeddable":true,"href":"https:\/\/weber-watamu.com\/cs\/wp-json\/wp\/v2\/users\/2"}],"replies":[{"embeddable":true,"href":"https:\/\/weber-watamu.com\/cs\/wp-json\/wp\/v2\/comments?post=1325"}],"version-history":[{"count":0,"href":"https:\/\/weber-watamu.com\/cs\/wp-json\/wp\/v2\/pages\/1325\/revisions"}],"wp:attachment":[{"href":"https:\/\/weber-watamu.com\/cs\/wp-json\/wp\/v2\/media?parent=1325"}],"curies":[{"name":"wp","href":"https:\/\/api.w.org\/{rel}","templated":true}]}}