{"id":1089,"date":"2024-04-15T17:06:34","date_gmt":"2024-04-15T15:06:34","guid":{"rendered":"https:\/\/weber-watamu.com\/?page_id=1089"},"modified":"2024-06-25T21:21:19","modified_gmt":"2024-06-25T19:21:19","slug":"about-watamu","status":"publish","type":"page","link":"https:\/\/weber-watamu.com\/cs\/about-watamu\/","title":{"rendered":"O Watamu"},"content":{"rendered":"<p>Watamu je kr\u00e1sn\u00e1 a klidn\u00e1 vesnice na ke\u0148sk\u00e9m pob\u0159e\u017e\u00ed, zasazen\u00e1 mezi nedot\u010den\u00e9 pl\u00e1\u017ee a bujn\u00fd tropick\u00fd les. Od doby, kdy byla poprv\u00e9 os\u00eddlena jako odlehl\u00e1 svahilsk\u00e1 z\u00e1kladna v Gedi, z\u016fstala tato oblast o\u00e1zou klidu a pohody a st\u00e1le je jednou z nejm\u00e9n\u011b rozvinut\u00fdch a nejp\u0159irozen\u011bj\u0161\u00edch oblast\u00ed na pob\u0159e\u017e\u00ed.  Watamu, zn\u00e1m\u00e9 sv\u00fdm jedine\u010dn\u00fdm, uvoln\u011bn\u00fdm a uvoln\u011bn\u00fdm zp\u016fsobem \u017eivota, v\u00edt\u00e1 n\u00e1v\u0161t\u011bvn\u00edky, kte\u0159\u00ed si cht\u011bj\u00ed odpo\u010dinout, prozkoumat a u\u017e\u00edt si z\u00e1zraky, kter\u00e9 m\u011bsto nab\u00edz\u00ed.<\/p>\n\n\n\n<p>A\u0165 u\u017e se jedn\u00e1 o rodinnou dovolenou, romantick\u00fd \u00fat\u011bk nebo divok\u00e9 dobrodru\u017estv\u00ed na pob\u0159e\u017e\u00ed, nikdy nezapomenete na z\u00e1zraky Watamu.<\/p>\n\n\n\n<p>Watamu m\u00e1 jedine\u010dnou historii. Toto je m\u00edsto v Keni s p\u0159ev\u00e1\u017en\u011b italsk\u00fdm obyvatelstvem. \u0158\u00edk\u00e1 se mu tak\u00e9 Mal\u00e1 It\u00e1lie. Nebyl jsi tu dlouho; Bav\u00edme se o druh\u00e9 a t\u0159et\u00ed generaci. O tom, jak se sem dostali, koluje mnoho, n\u011bkdy i protich\u016fdn\u00fdch, p\u0159\u00edb\u011bh\u016f. Nejnap\u00ednav\u011bj\u0161\u00ed p\u0159\u00edb\u011bh je o sicilsk\u00e9 mafii. \u0158\u00edk\u00e1 se, \u017ee se tu usadili, aby v kvetouc\u00edch restaurac\u00edch prali \u010dern\u00e9 pen\u00edze. R\u00e1di by se ukryli mezi st\u00e1vaj\u00edc\u00edmi italsk\u00fdmi obyvateli, kte\u0159\u00ed zde po 2. sv\u011btov\u00e9 v\u00e1lce z\u016fstali. Tito prvn\u00ed Italov\u00e9 bojovali po boku N\u011bmc\u016f proti Brit\u016fm a mimochodem prohr\u00e1li...<\/p>\n\n\n\n<figure class=\"wp-block-image size-large is-resized\"><img fetchpriority=\"high\" decoding=\"async\" width=\"1024\" height=\"680\" src=\"https:\/\/weber-watamu.com\/wp-content\/uploads\/2024\/04\/12-1024x680.jpg\" alt=\"\" class=\"wp-image-1096\" style=\"width:699px;height:auto\" srcset=\"https:\/\/weber-watamu.com\/wp-content\/uploads\/2024\/04\/12-1024x680.jpg 1024w, https:\/\/weber-watamu.com\/wp-content\/uploads\/2024\/04\/12-300x199.jpg 300w, https:\/\/weber-watamu.com\/wp-content\/uploads\/2024\/04\/12-768x510.jpg 768w, https:\/\/weber-watamu.com\/wp-content\/uploads\/2024\/04\/12-18x12.jpg 18w, https:\/\/weber-watamu.com\/wp-content\/uploads\/2024\/04\/12.jpg 1200w\" sizes=\"(max-width: 1024px) 100vw, 1024px\" \/><\/figure>\n\n\n\n<p>Prvn\u00edm hotelem postaven\u00fdm ve Watamu byl Ocean Sports, kter\u00fd za\u010d\u00ednal jako bar na pl\u00e1\u017ei v Turtle Bay (stejn\u00e9 m\u00edsto, kde se po ztroskot\u00e1n\u00ed nach\u00e1zely \u010d\u00e1sti prvn\u00ed irsk\u00e9 rodiny) a postavil ho Ian Pritchard, kter\u00fd tam p\u0159ist\u00e1l v roce 1951. Bar byl pozd\u011bji roz\u0161\u00ed\u0159en na hotel a byl prvn\u00edm st\u0159ediskem vodn\u00edch sport\u016f.<br>Druh\u00fdm hotelov\u00fdm pokojem byla budova Watamu Beach s v\u00fdhledem na z\u00e1liv Watamu.<br>Kombinace t\u011bchto komunit s jejich odli\u0161n\u00fdmi kulturami a ekonomick\u00fdmi aktivitami dala vzniknout Watamu, kter\u00e9 z\u016fst\u00e1v\u00e1 obl\u00edbenou pr\u00e1zdninovou destinac\u00ed a mo\u0159skou oblast\u00ed bohatou na biologickou rozmanitost. Tato oblast je podporov\u00e1na organizac\u00ed Kenya Wildlife Service, kter\u00e1 v roce 1968 zalo\u017eila n\u00e1rodn\u00ed mo\u0159sk\u00fd park a rezervaci Watamu, kter\u00fd se rozkl\u00e1d\u00e1 na 42 kilometrech \u010dtvere\u010dn\u00edch pod\u00e9l pob\u0159e\u017e\u00ed a poskytuje p\u0159\u00edrodn\u00ed rezervaci pr\u00e1vn\u00ed ochranu.<br>V roce 1979 se Watamu dostalo v\u011bt\u0161\u00ed mezin\u00e1rodn\u00ed ochrany, kdy\u017e bylo prohl\u00e1\u0161eno za lidskou a biosf\u00e9rickou rezervaci OSN (UNMBR).<br>Watamu je nyn\u00ed kosmopolitn\u00ed spole\u010dnost s populac\u00ed 2 000 obyvatel a rozrostla se na 16 hotel\u016f a resort\u016f od dvou do p\u011bti hv\u011bzdi\u010dek, \u010detn\u00e9 hotely a soukrom\u00e9 vily a byla zvolena CNN Travel v roce 2012 jako druh\u00fd nejlep\u0161\u00ed pl\u00e1\u017eov\u00fd p\u00edsek v Africe.<\/p>\n\n\n\n<p>Watamu ob\u00fdvali arab\u0161t\u00ed kupci, kte\u0159\u00ed na po\u010d\u00e1tku 18. stolet\u00ed dobyli velkou \u010d\u00e1st pob\u0159e\u017en\u00ed Keni. Podle archeologick\u00fdch n\u00e1lez\u016f bylo Watamu \u00fadajn\u011b os\u00eddleno ji\u017e od 13. stolet\u00ed. Svatyn\u011b a posv\u00e1tn\u00e1 m\u00edsta, nyn\u00ed ruiny, jsou obl\u00edben\u00fdmi atrakcemi.<\/p>\n\n\n\n<p>Zaj\u00edmavost: V roce 2007 byl ve Watamu objeven nejv\u011bt\u0161\u00ed druh plivaj\u00edc\u00ed kobry na sv\u011bt\u011b (Naja ashei), had z \u010deledi Elapidi, naz\u00fdvan\u00fd tak\u00e9 kobra ob\u0159\u00ed. Jed tohoto druhu je sv\u00fdm slo\u017een\u00edm velmi podobn\u00fd (neurotoxiny a cytotoxiny) jako u jin\u00fdch kobry plivaj\u00edc\u00ed, v\u010detn\u011b kobry \u010dernokrk\u00e9 (Naja nigricollis) a kobry \u010derven\u00e9 (Naja pallida), kter\u00e9 se ob\u011b vyskytuj\u00ed v stejn\u00e9 oblasti. Tento druh je v\u0161ak schopen vst\u0159\u00edknout do jednoho kousnut\u00ed mnohem v\u011bt\u0161\u00ed mno\u017estv\u00ed jedu ne\u017e ten druh\u00fd. Specifick\u00e9 epiteton pro tento druh je poctou zesnul\u00e9mu Jamesi Asheovi, kter\u00fd zalo\u017eil had\u00ed farmu Watamu a byl jedn\u00edm z prvn\u00edch odborn\u00edk\u016f, kte\u0159\u00ed navrhli, \u017ee Naja Ashei je nov\u00fd druh.<\/p>","protected":false},"excerpt":{"rendered":"<p>Watamu is a beautiful and peaceful village on the Kenya Coast, nestled between pristine beaches and lush tropical forest. Since it was first settled as a remote Swahili outpost at Gedi, this area has remained a haven of peace and tranquility and is still one of the coast&#8217;s most undeveloped and natural areas.&nbsp; Known for [&hellip;]<\/p>","protected":false},"author":2,"featured_media":0,"parent":0,"menu_order":0,"comment_status":"closed","ping_status":"closed","template":"","meta":{"footnotes":""},"class_list":["post-1089","page","type-page","status-publish","hentry"],"_links":{"self":[{"href":"https:\/\/weber-watamu.com\/cs\/wp-json\/wp\/v2\/pages\/1089","targetHints":{"allow":["GET"]}}],"collection":[{"href":"https:\/\/weber-watamu.com\/cs\/wp-json\/wp\/v2\/pages"}],"about":[{"href":"https:\/\/weber-watamu.com\/cs\/wp-json\/wp\/v2\/types\/page"}],"author":[{"embeddable":true,"href":"https:\/\/weber-watamu.com\/cs\/wp-json\/wp\/v2\/users\/2"}],"replies":[{"embeddable":true,"href":"https:\/\/weber-watamu.com\/cs\/wp-json\/wp\/v2\/comments?post=1089"}],"version-history":[{"count":0,"href":"https:\/\/weber-watamu.com\/cs\/wp-json\/wp\/v2\/pages\/1089\/revisions"}],"wp:attachment":[{"href":"https:\/\/weber-watamu.com\/cs\/wp-json\/wp\/v2\/media?parent=1089"}],"curies":[{"name":"wp","href":"https:\/\/api.w.org\/{rel}","templated":true}]}}