{"id":1073,"date":"2024-04-15T15:09:17","date_gmt":"2024-04-15T13:09:17","guid":{"rendered":"https:\/\/weber-watamu.com\/?page_id=1073"},"modified":"2024-07-01T11:08:19","modified_gmt":"2024-07-01T09:08:19","slug":"house-rules-guidelines","status":"publish","type":"page","link":"https:\/\/weber-watamu.com\/cs\/house-rules-guidelines\/","title":{"rendered":"Domovn\u00ed \u0159\u00e1d"},"content":{"rendered":"<div data-elementor-type=\"wp-page\" data-elementor-id=\"1073\" class=\"elementor elementor-1073\" data-elementor-post-type=\"page\">\n\t\t\t\t<div class=\"elementor-element elementor-element-33f3409 e-con-full e-flex e-con e-parent\" data-id=\"33f3409\" data-element_type=\"container\">\n\t\t<div class=\"elementor-element elementor-element-a0a0596 e-con-full e-flex e-con e-child\" data-id=\"a0a0596\" data-element_type=\"container\">\n\t\t\t\t<div class=\"elementor-element elementor-element-c25f6b9 elementor-widget elementor-widget-heading\" data-id=\"c25f6b9\" data-element_type=\"widget\" data-widget_type=\"heading.default\">\n\t\t\t\t<div class=\"elementor-widget-container\">\n\t\t\t<h2 class=\"elementor-heading-title elementor-size-default\">Teplou vodu zap\u00ednejte pouze 10-15 minut p\u0159ed sprchov\u00e1n\u00edm a pot\u00e9 ji vypn\u011bte. Pokyny pro zapnut\u00ed hork\u00e9 vody jsou\u00a0ve\u00a0videu.<\/h2>\t\t<\/div>\n\t\t\t\t<\/div>\n\t\t\t\t<div class=\"elementor-element elementor-element-2f48e70f elementor-widget elementor-widget-text-editor\" data-id=\"2f48e70f\" data-element_type=\"widget\" data-widget_type=\"text-editor.default\">\n\t\t\t\t<div class=\"elementor-widget-container\">\n\t\t\t\t\t\t\t<!-- wp:paragraph -->\n<p><strong>V\u00e1\u017een\u00fd hoste,<\/strong><\/p>\n<!-- \/wp:paragraph -->\n\n<!-- wp:paragraph -->\n<p>Jm\u00e9nem Weber Zazu \u2013 Maisha Resort bychom v\u00e1s r\u00e1di p\u0159iv\u00edtali v na\u0161ich domovech. Jsme velmi r\u00e1di, \u017ee jste se rozhodli z\u016fstat u n\u00e1s. Va\u0161e rezervace bude podl\u00e9hat pravidl\u016fm a na\u0159\u00edzen\u00edm uveden\u00fdm n\u00ed\u017ee. Kdy\u017e provedete rezervaci, bude se m\u00edt za to, \u017ee jste si p\u0159e\u010detli, porozum\u011bli a p\u0159ijali na\u0161e Pravidla a p\u0159edpisy.<\/p>\n<!-- \/wp:paragraph -->\n\n<!-- wp:paragraph -->\n<p><strong>Vytvo\u0159en\u00ed rezervace<\/strong><\/p>\n<!-- \/wp:paragraph -->\n\n<!-- wp:paragraph -->\n<p>Host\u00e9 n\u00e1s mohou kontaktovat p\u0159\u00edmo a prov\u00e9st rezervaci. M\u016f\u017eete n\u00e1m napsat na WhatsApp +49 1575 2917627, poslat n\u00e1m e-mail na adresu info@weber-watamu.com nebo vyplnit formul\u00e1\u0159 v na\u0161\u00ed sekci rezervovat nyn\u00ed, kter\u00fd po\u0161le v\u00e1\u0161 dotaz p\u0159\u00edmo n\u00e1m. Po potvrzen\u00ed term\u00edn\u016f v\u00e1m bude zasl\u00e1na faktura. Vezm\u011bte pros\u00edm na v\u011bdom\u00ed, \u017ee rezervace jsou platn\u00e9 pouze po slo\u017een\u00ed z\u00e1lohy ve v\u00fd\u0161i 50 % a do obdr\u017een\u00ed z\u00e1lohy mohou b\u00fdt v\u00e1mi zvolen\u00e9 term\u00edny st\u00e1le rozd\u00e1ny. Po zaplacen\u00ed z\u00e1lohy v\u00e1m bude zasl\u00e1no potvrzen\u00ed o slo\u017een\u00ed z\u00e1lohy e-mailem.<\/p>\n<!-- \/wp:paragraph -->\n\n<!-- wp:paragraph -->\n<p><strong>UPOZORN\u011aN\u00cd: V\u0161ichni host\u00e9 MUS\u00cd uv\u00e9st sv\u00e9 cel\u00e9 jm\u00e9no, platn\u00e9 telefonn\u00ed \u010d\u00edslo a platnou e-mailovou adresu, aby bylo mo\u017en\u00e9 p\u0159edat potvrzen\u00ed rezervace.<\/strong><\/p>\n<!-- \/wp:paragraph -->\n\n<!-- wp:paragraph -->\n<p><strong>Cestovn\u00ed kancel\u00e1\u0159e<\/strong><\/p>\n<!-- \/wp:paragraph -->\n\n<!-- wp:paragraph -->\n<p>Nep\u0159ij\u00edm\u00e1me \u017e\u00e1dnou odpov\u011bdnost za rezervace proveden\u00e9 neautorizovan\u00fdmi cestovn\u00edmi kancel\u00e1\u0159emi a jejich prost\u0159ednictv\u00edm. Cestovn\u00ed kancel\u00e1\u0159e jsou tak\u00e9 povinny kontaktovat Weber Zazu \u2013 Maisha Resort, aby potvrdily dostupnost nab\u00edzen\u00fdch term\u00edn\u016f a sazeb.<\/p>\n<!-- \/wp:paragraph -->\n\n<!-- wp:paragraph -->\n<p><strong>Ceny<\/strong><\/p>\n<!-- \/wp:paragraph -->\n\n<!-- wp:paragraph -->\n<p>Ofici\u00e1ln\u00ed ceny si m\u016f\u017eete prohl\u00e9dnout bu\u010f na webov\u00fdch str\u00e1nk\u00e1ch Weber Zazu \u2013 Maisha Resort, booking.com, airbnb.com nebo na na\u0161ich str\u00e1nk\u00e1ch soci\u00e1ln\u00edch s\u00edt\u00ed. Uveden\u00e9 ceny jsou nesmlouvav\u00e9, servisn\u00ed poplatky jsou zahrnuty v uveden\u00fdch sazb\u00e1ch. Jak\u00e9koli dal\u0161\u00ed poplatky, jako je kucha\u0159 nebo kucha\u0159, jsou \u00fa\u010dtov\u00e1ny zvl\u00e1\u0161\u0165 a jednotlivci.<\/p>\n<!-- \/wp:paragraph -->\n\n<!-- wp:paragraph -->\n<p><strong>Platebn\u00ed metody<\/strong><\/p>\n<!-- \/wp:paragraph -->\n\n<!-- wp:paragraph -->\n<p><strong>Hotovost<\/strong><\/p>\n<!-- \/wp:paragraph -->\n\n<!-- wp:paragraph -->\n<p>Nejjednodu\u0161\u0161\u00ed zp\u016fsob platby je v hotovosti p\u0159i p\u0159\u00edjezdu.<\/p>\n<!-- \/wp:paragraph -->\n\n<!-- wp:paragraph -->\n<p><strong>M-Pesa<\/strong><\/p>\n<!-- \/wp:paragraph -->\n\n<!-- wp:paragraph -->\n<p>Platby lze prov\u00e1d\u011bt prost\u0159ednictv\u00edm Mpesa spole\u010dnosti Safaricom prost\u0159ednictv\u00edm telefonn\u00edho \u010d\u00edsla nebo \u010d\u00edsla pokladny uveden\u00e9ho na faktu\u0159e.<\/p>\n<!-- \/wp:paragraph -->\n\n<!-- wp:paragraph -->\n<p><strong>Bankovn\u00ed p\u0159evod<\/strong><\/p>\n<!-- \/wp:paragraph -->\n\n<!-- wp:paragraph -->\n<p>Host\u00e9 maj\u00ed mo\u017enost za\u0159\u00eddit si bankovn\u00ed p\u0159evod, ale pokud si p\u0159ejete platit t\u00edmto zp\u016fsobem, informujte pros\u00edm veden\u00ed e-mailem nebo telefonicky. Uve\u010fte pros\u00edm sv\u00e9 cel\u00e9 jm\u00e9no, n\u00e1zev banky a datum platby a \u010d\u00edslo potvrzen\u00ed platby, abychom mohli platbu sledovat.<\/p>\n<!-- \/wp:paragraph -->\n\n<!-- wp:paragraph -->\n<p><strong>Zru\u0161en\u00ed a vr\u00e1cen\u00ed pen\u011bz<\/strong><\/p>\n<!-- \/wp:paragraph -->\n\n<!-- wp:paragraph -->\n<p>Jak\u00e9koli zru\u0161en\u00ed nebo zm\u011bny sv\u00fdch rezervac\u00ed byste m\u011bli prov\u00e9st pomoc\u00ed stejn\u00e9ho kan\u00e1lu, p\u0159es kter\u00fd jste provedli rezervaci, bu\u010f e-mailem nebo telefonicky. Vr\u00e1cen\u00ed pen\u011bz se nenab\u00edz\u00ed v p\u0159\u00edpad\u011b;<\/p>\n<!-- \/wp:paragraph -->\n\n<!-- wp:paragraph -->\n<p>V\u00fdpadky proudu<\/p>\n<!-- \/wp:paragraph -->\n\n<!-- wp:paragraph -->\n<p>V\u010dasn\u00e9 odhl\u00e1\u0161en\u00ed (vzhledem k v\u00fd\u0161e uveden\u00e9mu nebo jin\u00fdm okolnostem, kter\u00e9 jsou mimo kontrolu veden\u00ed)<\/p>\n<!-- \/wp:paragraph -->\n\n<!-- wp:paragraph -->\n<p>Veden\u00ed se za t\u011bchto podm\u00ednek bude sna\u017eit minimalizovat jak\u00e9koli ru\u0161en\u00ed nebo nepohodl\u00ed host\u016f.<\/p>\n<!-- \/wp:paragraph -->\n\n<!-- wp:paragraph -->\n<p><strong>Z\u00e1sady pro hosty<\/strong><\/p>\n<!-- \/wp:paragraph -->\n\n<!-- wp:paragraph -->\n<p>Ubytovat se bude moci pouze maxim\u00e1ln\u00ed po\u010det host\u016f uveden\u00fd u ka\u017ed\u00e9ho ubytov\u00e1n\u00ed, p\u0159\u00edpadn\u00e9 dal\u0161\u00ed osoby (v\u010detn\u011b kojenc\u016f a d\u011bt\u00ed) je nutn\u00e9 p\u0159edem domluvit. Veden\u00ed Weber Zazu \u2013 Maisha Resort nepovoluje \u017e\u00e1dn\u00e9 denn\u00ed nebo no\u010dn\u00ed hosty, POUZE plat\u00edc\u00ed za pou\u017eit\u00ed za\u0159\u00edzen\u00ed.<\/p>\n<!-- \/wp:paragraph -->\n\n<!-- wp:paragraph -->\n<p>Veden\u00ed si vyhrazuje pr\u00e1vo vr\u00e1tit se zp\u011bt a\/nebo vyk\u00e1zat jak\u00e9koli ne\u017e\u00e1douc\u00ed osoby ze za\u0159\u00edzen\u00ed. Poru\u0161en\u00ed z\u00e1sad pro hosty m\u016f\u017ee m\u00edt za n\u00e1sledek zru\u0161en\u00ed nebo p\u0159ed\u010dasn\u00e9 ukon\u010den\u00ed va\u0161\u00ed rezervace.<\/p>\n<!-- \/wp:paragraph -->\n\n<!-- wp:paragraph -->\n<p>V ka\u017ed\u00e9m p\u0159\u00edpad\u011b, \u017ee host uvedl, \u017ee p\u0159ekro\u010d\u00ed maxim\u00e1ln\u00ed kapacitu ka\u017ed\u00e9 z na\u0161ich jednotek o jednu nebo dv\u011b osoby, p\u0159\u00edplatek ve v\u00fd\u0161i Ksh. Osoba, kter\u00e1 provedla rezervaci, bude muset za dal\u0161\u00edho hosta zaplatit 5 000\/- za den nebo noc. Vezm\u011bte pros\u00edm na v\u011bdom\u00ed, \u017ee rozhodnut\u00ed o p\u0159ijet\u00ed dal\u0161\u00edho hosta, i p\u0159es mo\u017enost p\u0159\u00edplatku, z\u016fst\u00e1v\u00e1 na veden\u00ed. Veden\u00ed si vyhrazuje pr\u00e1vo na p\u0159ijet\u00ed.<\/p>\n<!-- \/wp:paragraph -->\n\n<!-- wp:paragraph -->\n<p><strong>Fotografov\u00e1n\u00ed a nat\u00e1\u010den\u00ed videa<\/strong><\/p>\n<!-- \/wp:paragraph -->\n\n<!-- wp:paragraph -->\n<p>Nepovolujeme pou\u017eit\u00ed fotografi\u00ed nebo vide\u00ed po\u0159\u00edzen\u00fdch na za\u0159\u00edzen\u00edch Weber Zazu \u2013 Maisha Resort pro vlastn\u00ed propagaci, osobn\u00ed podnik\u00e1n\u00ed, blogov\u00e1n\u00ed nebo vlogov\u00e1n\u00ed bez v\u00fdslovn\u00e9ho v\u011bdom\u00ed a povolen\u00ed veden\u00ed.<\/p>\n<!-- \/wp:paragraph -->\n\n<!-- wp:paragraph -->\n<p>Krom\u011b toho nepovolujeme pou\u017eit\u00ed na\u0161ich nemovitost\u00ed\/za\u0159\u00edzen\u00ed pro neopr\u00e1vn\u011bn\u00e9 profesion\u00e1ln\u00ed nebo komer\u010dn\u00ed fotografov\u00e1n\u00ed nebo nat\u00e1\u010den\u00ed vide\u00ed (reklamn\u00ed focen\u00ed, modelov\u00e1n\u00ed\/m\u00f3dn\u00ed focen\u00ed\/filmov\u00e1n\u00ed atd.)<\/p>\n<!-- \/wp:paragraph -->\n\n<!-- wp:paragraph -->\n<p><strong>Povoleno<\/strong><\/p>\n<!-- \/wp:paragraph -->\n\n<!-- wp:paragraph -->\n<p>Host\u00e9 mohou nat\u00e1\u010det nekomer\u010dn\u00ed fotografie nebo videa pro svou vlastn\u00ed osobn\u00ed pot\u0159ebu (bez profesion\u00e1ln\u00edho vybaven\u00ed, osv\u011btlen\u00ed atd.) na pozemku, ale m\u011bli by db\u00e1t na soukrom\u00ed a pohodu ostatn\u00edch host\u016f\/soused\u016f v t\u00e9to oblasti.<\/p>\n<!-- \/wp:paragraph -->\n\n<!-- wp:paragraph -->\n<p>Profesion\u00e1ln\u00ed fotografov\u00e1n\u00ed \/ nat\u00e1\u010den\u00ed bude povoleno pouze se souhlasem veden\u00ed Weber Zazu \u2013 Maisha Resort p\u0159ed nat\u00e1\u010den\u00edm.<\/p>\n<!-- \/wp:paragraph -->\n\n<!-- wp:paragraph -->\n<p>Vezm\u011bte pros\u00edm na v\u011bdom\u00ed, \u017ee neautorizovan\u00ed profesion\u00e1ln\u00ed fotografov\u00e9 \/ kameramani, kte\u0159\u00ed nejsou hosty Weber Zazu \u2013 Maisha Resort, budou po\u017e\u00e1d\u00e1ni, aby okam\u017eit\u011b opustili objekt.<\/p>\n<!-- \/wp:paragraph -->\n\n<!-- wp:paragraph -->\n<p><strong>Bezpe\u010dnost<\/strong><\/p>\n<!-- \/wp:paragraph -->\n\n<!-- wp:paragraph -->\n<p>Veden\u00ed nep\u0159ij\u00edm\u00e1 odpov\u011bdnost za jak\u00e9koli zran\u011bn\u00ed nebo \u00famrt\u00ed zp\u016fsoben\u00e9 jakkoli v are\u00e1lu u baz\u00e9nu nebo kdekoli jinde na pozemku. Vezm\u011bte pros\u00edm na v\u011bdom\u00ed, \u017ee nemovitost m\u00e1 travnat\u00e9 plochy, skalnat\u00fd a nerovn\u00fd ter\u00e9n a otev\u0159en\u00fd plot s v\u00fdhledem na oce\u00e1n, baz\u00e9n bez plotu, divok\u00e1 zv\u00ed\u0159ata v\u010detn\u011b had\u016f, celosklen\u011bn\u00e1 okna, n\u00edzk\u00e9 z\u00e1bradl\u00ed (a n\u011bkdy bez z\u00e1bradl\u00ed) ve vyv\u00fd\u0161en\u00fdch oblastech.<\/p>\n<!-- \/wp:paragraph -->\n\n<!-- wp:paragraph -->\n<p>Bu\u010fte pros\u00edm opatrn\u00ed, proto\u017ee n\u011bkter\u00e9 podlahy a kameny na cest\u00e1ch a schodech mohou b\u00fdt kluzk\u00e9 nebo voln\u00e9. D\u00e1vejte pozor na padaj\u00edc\u00ed kokosy kolem are\u00e1lu a kolem baz\u00e9nu. D\u00e1le se pros\u00edm pod\u00edvejte na na\u0161e bezpe\u010dnostn\u00ed opat\u0159en\u00ed v okol\u00ed baz\u00e9nu zde.<\/p>\n<!-- \/wp:paragraph -->\n\n<!-- wp:paragraph -->\n<p><strong>Baz\u00e9n<\/strong><\/p>\n<!-- \/wp:paragraph -->\n\n<!-- wp:paragraph -->\n<p>Baz\u00e9n je spole\u010dn\u00fdm za\u0159\u00edzen\u00edm sd\u00edlen\u00fdm mezi v\u0161emi domy\/vilami, a proto jsou host\u00e9 povinni respektovat v\u0161echny ostatn\u00ed u\u017eivatele:<\/p>\n<!-- \/wp:paragraph -->\n\n<!-- wp:paragraph -->\n<p>Sn\u00ed\u017een\u00ed hluku na minimum.<\/p>\n<!-- \/wp:paragraph -->\n\n<!-- wp:paragraph -->\n<p>Upu\u0161t\u011bn\u00ed od neuk\u00e1zn\u011bn\u00e9ho a nevhodn\u00e9ho chov\u00e1n\u00ed jak\u00e9hokoli druhu.<\/p>\n<!-- \/wp:paragraph -->\n\n<!-- wp:paragraph -->\n<p>Condividere la piscina consentendone l'uso anche agli altri ospiti\/vicini.<\/p>\n<!-- \/wp:paragraph -->\n\n<!-- wp:paragraph -->\n<p>Nav\u00edc;<\/p>\n<!-- \/wp:paragraph -->\n\n<!-- wp:list -->\n<ul><!-- wp:list-item -->\n<li>\u017d\u00e1dn\u00e9 pot\u00e1p\u011bn\u00ed v baz\u00e9nu, kter\u00e9 m\u016f\u017ee m\u00edt za n\u00e1sledek zran\u011bn\u00ed.<\/li>\n<!-- \/wp:list-item -->\n\n<!-- wp:list-item -->\n<li>Z\u00e1kaz no\u0161en\u00ed j\u00eddla, n\u00e1dob\u00ed nebo sklenic nebo n\u00e1poj\u016f\/n\u00e1poj\u016f (alkoholick\u00fdch nebo nealkoholick\u00fdch) v okol\u00ed baz\u00e9nu.<\/li>\n<!-- \/wp:list-item -->\n\n<!-- wp:list-item -->\n<li>P\u0159\u00edsn\u011b \u017e\u00e1dn\u00e9 sk\u00e1k\u00e1n\u00ed z vyv\u00fd\u0161en\u00e9ho prostoru do baz\u00e9nu.<\/li>\n<!-- \/wp:list-item -->\n\n<!-- wp:list-item -->\n<li>V\u0161echny d\u011bti by m\u011bly baz\u00e9n pou\u017e\u00edvat v\u017edy pod dohledem dosp\u011bl\u00fdch.<\/li>\n<!-- \/wp:list-item -->\n\n<!-- wp:list-item -->\n<li>Vyu\u017eit\u00ed baz\u00e9nu je pouze pro rezidenty.<\/li>\n<!-- \/wp:list-item -->\n\n<!-- wp:list-item -->\n<li>Are\u00e1l koupali\u0161t\u011b nem\u00e1 \u017d\u00c1DN\u00c9HO plav\u010d\u00edka, tak\u017ee plav\u00e1n\u00ed nebo jin\u00e9 aktivity jsou provozov\u00e1ny v\u00fdhradn\u011b na riziko host\u016f.<\/li>\n<!-- \/wp:list-item -->\n\n<!-- wp:list-item -->\n<li>D\u00e1vejte tak\u00e9 pozor, abyste kolem baz\u00e9nu neuklouzli.<\/li>\n<!-- \/wp:list-item --><\/ul>\n<!-- \/wp:list -->\n\n<!-- wp:paragraph -->\n<p>Na\u0161e baz\u00e9nov\u00e9 \u010dasy jsou P\u0158\u00cdSN\u011a mezi 9:00 a 17:00. Host\u00e9 se kv\u016fli jejich osobn\u00ed bezpe\u010dnosti nesm\u00ed pohybovat kolem baz\u00e9nu po 18:00.<\/p>\n<!-- \/wp:paragraph -->\n\n<!-- wp:paragraph -->\n<p><strong>Chyb\u011bj\u00edc\u00ed p\u0159edm\u011bty a \u0161kody<\/strong><\/p>\n<!-- \/wp:paragraph -->\n\n<!-- wp:paragraph -->\n<p>P\u0159esto\u017ee veden\u00ed Weber Zazu \u2013 Maisha Resort podnik\u00e1 v\u0161echny mo\u017en\u00e9 kroky k zaji\u0161t\u011bn\u00ed bezpe\u010dnosti a zabezpe\u010den\u00ed ve\u0161ker\u00e9ho majetku hosta, kone\u010dnou odpov\u011bdnost za tyto polo\u017eky nese host. Zajist\u011bte, aby byl p\u0159i odjezdu za\u00fa\u010dtov\u00e1n ve\u0161ker\u00fd v\u00e1\u0161 majetek. \u017d\u00e1dn\u00e9 p\u0159edm\u011bty jak\u00e9hokoli druhu, kter\u00e9 jsou majetkem za\u0159\u00edzen\u00ed Weber Zazu \u2013 Maisha Resort, nesm\u011bj\u00ed b\u00fdt odn\u00e1\u0161eny z objekt\u016f, proto\u017ee to je P\u0158\u00cdSN\u011a zak\u00e1z\u00e1no a bude to pova\u017eov\u00e1no za kr\u00e1de\u017e a je to trestn\u00fd \u010din.<\/p>\n<!-- \/wp:paragraph -->\n\n<!-- wp:paragraph -->\n<p>Jak\u00e9koli v\u011bci, kter\u00e9 host zanech\u00e1 v za\u0159\u00edzen\u00edch Weber Zazu \u2013 Maisha Resort, budou na \u017e\u00e1dost uveden\u00e9ho hosta vr\u00e1ceny a budou vr\u00e1ceny na n\u00e1klady hosta. Chyb\u011bj\u00edc\u00ed polo\u017eky budou p\u0159ed likvidac\u00ed ulo\u017eeny po dobu 3 m\u011bs\u00edc\u016f.<\/p>\n<!-- \/wp:paragraph -->\n\n<!-- wp:paragraph -->\n<p><strong>\u0160kody<\/strong><\/p>\n<!-- \/wp:paragraph -->\n\n<!-- wp:paragraph -->\n<p>Host by n\u00e1m m\u011bl neprodlen\u011b ozn\u00e1mit jak\u00e9koli po\u0161kozen\u00ed nebo ztr\u00e1tu nebo zni\u010den\u00ed jak\u00e9koli polo\u017eky co nejd\u0159\u00edve. V\u0161echny rozbit\u00ed a po\u0161kozen\u00ed jsou zpoplatn\u011bny. Veden\u00ed nav\u00edc \u010din\u00ed osobu, kter\u00e1 provedla po\u010d\u00e1te\u010dn\u00ed rezervaci, odpov\u011bdnou za zaplacen\u00ed v\u0161ech po\u0161kozen\u00ed a \u0161kod.<\/p>\n<!-- \/wp:paragraph -->\n\n<!-- wp:paragraph -->\n<p><strong>Chov\u00e1n\u00ed<\/strong><\/p>\n<!-- \/wp:paragraph -->\n\n<!-- wp:paragraph -->\n<p>Neslu\u0161n\u00e9 chov\u00e1n\u00ed v\u010detn\u011b nahoty, nemravnosti, opilosti, n\u00e1sil\u00ed, prostituce nebo jak\u00e9koli chov\u00e1n\u00ed pova\u017eovan\u00e9 za nez\u00e1konn\u00e9 nebo nevhodn\u00e9 je na pozemku p\u0159\u00edsn\u011b zak\u00e1z\u00e1no. Kou\u0159en\u00ed uvnit\u0159 cigaret, bhang nebo vaping je p\u0159\u00edsn\u011b zak\u00e1z\u00e1no.<\/p>\n<!-- \/wp:paragraph -->\n\n<!-- wp:paragraph -->\n<p>Jak\u00e9koli chov\u00e1n\u00ed, kter\u00e9 veden\u00ed pova\u017euje za spadaj\u00edc\u00ed pod v\u00fd\u0161e uveden\u00e9, bude m\u00edt za n\u00e1sledek va\u0161e vyst\u011bhov\u00e1n\u00ed z nemovitosti a v z\u00e1vislosti na z\u00e1va\u017enosti sp\u00e1chan\u00e9ho \u010dinu pr\u00e1vn\u00ed kroky.<\/p>\n<!-- \/wp:paragraph -->\n\n<!-- wp:paragraph -->\n<p>Consumption of illegal substances is STRICTLY prohibited. If you are found to be in the possession of illegal substances or using illegal substances, the management has the right to evict guests from the property.<\/p>\n<!-- \/wp:paragraph -->\n\n<!-- wp:paragraph -->\n<p>Our staff at Weber Zazu &#8211; Maisha Resort are also expected to be treated respectfully and guests should be mindful that our staff hours are offline between 8pm to 9am. By offline, we mean, via phone or email or WhatsApp.<\/p>\n<!-- \/wp:paragraph -->\n\n<!-- wp:paragraph -->\n<p>Dom\u00e1c\u00ed mazl\u00ed\u010dci nejsou v dom\u011b povoleni.<\/p>\n<!-- \/wp:paragraph -->\n\n<!-- wp:paragraph -->\n<p><strong>P\u0159ihl\u00e1\u0161en\u00ed a odhl\u00e1\u0161en\u00ed<\/strong><\/p>\n<!-- \/wp:paragraph -->\n\n<!-- wp:paragraph -->\n<p>Abyste p\u0159ede\u0161li komplikac\u00edm s p\u0159\u00edchoz\u00edmi hosty, striktn\u011b dodr\u017eujte n\u00ed\u017ee uveden\u00e9 \u010dasy check-in a check-out. Pozdn\u00ed check-out nebo p\u0159ed\u010dasn\u00fd check-in lze p\u0159edem domluvit s veden\u00edm a m\u016f\u017ee b\u00fdt nab\u00eddnut pouze v p\u0159\u00edpad\u011b, \u017ee v den odjezdu nejsou \u017e\u00e1dn\u00ed p\u0159\u00edchoz\u00ed host\u00e9.<\/p>\n<!-- \/wp:paragraph -->\n\n<!-- wp:paragraph -->\n<p>P\u0159\u00edjezd v 15:00<\/p>\n<!-- \/wp:paragraph -->\n\n<!-- wp:paragraph -->\n<p>Odjezd v 11:00<\/p>\n<!-- \/wp:paragraph -->\n\n<!-- wp:paragraph -->\n<p>Kes plat\u00ed poplatek za pozdn\u00ed odhl\u00e1\u0161en\u00ed. 3000\/- po 11:00<\/p>\n<!-- \/wp:paragraph -->\n\n<!-- wp:paragraph -->\n<p>Upozorn\u011bn\u00ed: V p\u0159\u00edpad\u011b poru\u0161en\u00ed t\u011bchto Pravidel a Pravidel m\u016f\u017ee Weber Zazu \u2013 Maisha Resort odm\u00edtnout poskytnout dal\u0161\u00ed slu\u017eby osob\u011b, kter\u00e1 je poru\u0161\u00ed.<\/p>\n<!-- \/wp:paragraph -->\t\t\t\t\t\t<\/div>\n\t\t\t\t<\/div>\n\t\t\t\t<\/div>\n\t\t<div class=\"elementor-element elementor-element-0191e12 e-con-full e-flex e-con e-child\" data-id=\"0191e12\" data-element_type=\"container\">\n\t\t\t\t<div class=\"elementor-element elementor-element-5d07c75 elementor-widget elementor-widget-html\" data-id=\"5d07c75\" data-element_type=\"widget\" data-widget_type=\"html.default\">\n\t\t\t\t<div class=\"elementor-widget-container\">\n\t\t\t<iframe width=\"315\" height=\"560\"\r\nsrc=\"https:\/\/www.youtube.com\/embed\/UwQlORePhEY\"\r\ntitle=\"YouTube video player\"\r\nframeborder=\"0\"\r\nallow=\"accelerometer; autoplay; clipboard-write; encrypted-media; gyroscope; picture-in-picture; web-share\"\r\nallowfullscreen><\/iframe>\t\t<\/div>\n\t\t\t\t<\/div>\n\t\t\t\t<\/div>\n\t\t\t\t<\/div>\n\t\t\t\t<\/div>","protected":false},"excerpt":{"rendered":"<p>Please turn on the hot water only 10-15 minutes before showering and then turn it off. Instructions for turning on the hot water are\u00a0in\u00a0the\u00a0video. Dear Guest, On behalf of Weber Zazu &#8211; Maisha Resort, we would like to welcome you to our homes. We are very pleased you have chosen to stay with us. Your [&hellip;]<\/p>","protected":false},"author":2,"featured_media":0,"parent":0,"menu_order":0,"comment_status":"closed","ping_status":"closed","template":"","meta":{"footnotes":""},"class_list":["post-1073","page","type-page","status-publish","hentry"],"_links":{"self":[{"href":"https:\/\/weber-watamu.com\/cs\/wp-json\/wp\/v2\/pages\/1073","targetHints":{"allow":["GET"]}}],"collection":[{"href":"https:\/\/weber-watamu.com\/cs\/wp-json\/wp\/v2\/pages"}],"about":[{"href":"https:\/\/weber-watamu.com\/cs\/wp-json\/wp\/v2\/types\/page"}],"author":[{"embeddable":true,"href":"https:\/\/weber-watamu.com\/cs\/wp-json\/wp\/v2\/users\/2"}],"replies":[{"embeddable":true,"href":"https:\/\/weber-watamu.com\/cs\/wp-json\/wp\/v2\/comments?post=1073"}],"version-history":[{"count":0,"href":"https:\/\/weber-watamu.com\/cs\/wp-json\/wp\/v2\/pages\/1073\/revisions"}],"wp:attachment":[{"href":"https:\/\/weber-watamu.com\/cs\/wp-json\/wp\/v2\/media?parent=1073"}],"curies":[{"name":"wp","href":"https:\/\/api.w.org\/{rel}","templated":true}]}}